{"id":808,"date":"2023-12-04T14:29:51","date_gmt":"2023-12-04T20:29:51","guid":{"rendered":"http:\/\/umojn.edu.ni\/?page_id=808"},"modified":"2023-12-04T14:37:37","modified_gmt":"2023-12-04T20:37:37","slug":"pajarito-azul","status":"publish","type":"page","link":"https:\/\/umojn.edu.ni\/index.php\/pajarito-azul\/","title":{"rendered":"Hogar de Protecci\u00f3n Pajarito Azul"},"content":{"rendered":"\n<h2 class=\"wp-block-heading\"><strong>Hogar de Protecci\u00f3n Pajarito Azul<\/strong><\/h2>\n\n\n\n<p>El convenio tiene como objetivo fortalecer los v\u00ednculos de colaboraci\u00f3n entre nuestras instituciones, para la promoci\u00f3n, ejercicio y difusi\u00f3n de las bondades de la Medicina Tradicional y Complementaria en la atenci\u00f3n de salud de ni\u00f1os y ni\u00f1as con discapacidad de <strong>HOPROPA<\/strong>.<\/p>\n\n\n<div class=\"wp-block-image\">\n<figure class=\"aligncenter size-full is-resized\"><img loading=\"lazy\" decoding=\"async\" width=\"612\" height=\"511\" src=\"https:\/\/umojn.edu.ni\/wp-content\/uploads\/2023\/12\/logotipo-completo1.jpg\" alt=\"\" class=\"wp-image-816\" style=\"width:496px;height:auto\"\/><\/figure>\n<\/div>","protected":false},"excerpt":{"rendered":"<p>Hogar de Protecci\u00f3n Pajarito Azul El convenio tiene como objetivo fortalecer los v\u00ednculos de colaboraci\u00f3n entre nuestras instituciones, para la promoci\u00f3n, ejercicio y difusi\u00f3n de las bondades de la Medicina Tradicional y Complementaria en la atenci\u00f3n de salud de ni\u00f1os y ni\u00f1as con discapacidad de HOPROPA.<\/p>\n","protected":false},"author":1,"featured_media":0,"parent":0,"menu_order":0,"comment_status":"closed","ping_status":"closed","template":"","meta":{"footnotes":""},"class_list":["post-808","page","type-page","status-publish","hentry"],"rttpg_featured_image_url":null,"rttpg_author":{"display_name":"Administrador UMO-JN","author_link":"https:\/\/umojn.edu.ni\/index.php\/author\/wpadmin\/"},"rttpg_comment":0,"rttpg_category":null,"rttpg_excerpt":"Hogar de Protecci\u00f3n Pajarito Azul El convenio tiene como objetivo fortalecer los v\u00ednculos de colaboraci\u00f3n entre nuestras instituciones, para la promoci\u00f3n, ejercicio y difusi\u00f3n de las bondades de la Medicina Tradicional y Complementaria en la atenci\u00f3n de salud de ni\u00f1os y ni\u00f1as con discapacidad de HOPROPA.","_links":{"self":[{"href":"https:\/\/umojn.edu.ni\/index.php\/wp-json\/wp\/v2\/pages\/808","targetHints":{"allow":["GET"]}}],"collection":[{"href":"https:\/\/umojn.edu.ni\/index.php\/wp-json\/wp\/v2\/pages"}],"about":[{"href":"https:\/\/umojn.edu.ni\/index.php\/wp-json\/wp\/v2\/types\/page"}],"author":[{"embeddable":true,"href":"https:\/\/umojn.edu.ni\/index.php\/wp-json\/wp\/v2\/users\/1"}],"replies":[{"embeddable":true,"href":"https:\/\/umojn.edu.ni\/index.php\/wp-json\/wp\/v2\/comments?post=808"}],"version-history":[{"count":4,"href":"https:\/\/umojn.edu.ni\/index.php\/wp-json\/wp\/v2\/pages\/808\/revisions"}],"predecessor-version":[{"id":817,"href":"https:\/\/umojn.edu.ni\/index.php\/wp-json\/wp\/v2\/pages\/808\/revisions\/817"}],"wp:attachment":[{"href":"https:\/\/umojn.edu.ni\/index.php\/wp-json\/wp\/v2\/media?parent=808"}],"curies":[{"name":"wp","href":"https:\/\/api.w.org\/{rel}","templated":true}]}}