{"id":729,"date":"2023-11-27T13:12:42","date_gmt":"2023-11-27T19:12:42","guid":{"rendered":"http:\/\/umojn.edu.ni\/?page_id=729"},"modified":"2023-12-04T14:26:51","modified_gmt":"2023-12-04T20:26:51","slug":"asociacion-de-enfermeras-de-nicaragua","status":"publish","type":"page","link":"https:\/\/umojn.edu.ni\/index.php\/asociacion-de-enfermeras-de-nicaragua\/","title":{"rendered":"Asociaci\u00f3n de Enfermeras de Nicaragua"},"content":{"rendered":"\n<h2 class=\"wp-block-heading\"><strong>Asociaci\u00f3n de Enfermeras de Nicaragua<\/strong><\/h2>\n\n\n\n<p>Tiene como objetivo este Convenio Marco de Colaboraci\u00f3n, establecer puntos de inter\u00e9s rec\u00edprocos, as\u00ed como mecanismos y procedimientos de coordinaci\u00f3n entre la <strong>UMO &#8211; JN<\/strong> y la <strong>AEN<\/strong>, para la promoci\u00f3n, ejercicio y difusi\u00f3n de las bondades de la Medicina Tradicional y Complementaria en la atenci\u00f3n de salud de las personas<strong>.<\/strong><\/p>\n\n\n\n<p><\/p>\n\n\n<div class=\"wp-block-image\">\n<figure class=\"aligncenter size-full is-resized\"><img loading=\"lazy\" decoding=\"async\" width=\"1600\" height=\"777\" src=\"https:\/\/umojn.edu.ni\/wp-content\/uploads\/2023\/11\/77b7be8f-56a3-4c18-92c1-24c12c907653.jpg\" alt=\"\" class=\"wp-image-746\" style=\"width:647px;height:auto\"\/><\/figure>\n<\/div>","protected":false},"excerpt":{"rendered":"<p>Asociaci\u00f3n de Enfermeras de Nicaragua Tiene como objetivo este Convenio Marco de Colaboraci\u00f3n, establecer puntos de inter\u00e9s rec\u00edprocos, as\u00ed como mecanismos y procedimientos de coordinaci\u00f3n entre la UMO &#8211; JN y la AEN, para la promoci\u00f3n, ejercicio y difusi\u00f3n de las bondades de la Medicina Tradicional y Complementaria en la atenci\u00f3n de salud de las [&hellip;]<\/p>\n","protected":false},"author":1,"featured_media":0,"parent":0,"menu_order":0,"comment_status":"closed","ping_status":"closed","template":"","meta":{"footnotes":""},"class_list":["post-729","page","type-page","status-publish","hentry"],"rttpg_featured_image_url":null,"rttpg_author":{"display_name":"Administrador UMO-JN","author_link":"https:\/\/umojn.edu.ni\/index.php\/author\/wpadmin\/"},"rttpg_comment":0,"rttpg_category":null,"rttpg_excerpt":"Asociaci\u00f3n de Enfermeras de Nicaragua Tiene como objetivo este Convenio Marco de Colaboraci\u00f3n, establecer puntos de inter\u00e9s rec\u00edprocos, as\u00ed como mecanismos y procedimientos de coordinaci\u00f3n entre la UMO &#8211; JN y la AEN, para la promoci\u00f3n, ejercicio y difusi\u00f3n de las bondades de la Medicina Tradicional y Complementaria en la atenci\u00f3n de salud de las&hellip;","_links":{"self":[{"href":"https:\/\/umojn.edu.ni\/index.php\/wp-json\/wp\/v2\/pages\/729","targetHints":{"allow":["GET"]}}],"collection":[{"href":"https:\/\/umojn.edu.ni\/index.php\/wp-json\/wp\/v2\/pages"}],"about":[{"href":"https:\/\/umojn.edu.ni\/index.php\/wp-json\/wp\/v2\/types\/page"}],"author":[{"embeddable":true,"href":"https:\/\/umojn.edu.ni\/index.php\/wp-json\/wp\/v2\/users\/1"}],"replies":[{"embeddable":true,"href":"https:\/\/umojn.edu.ni\/index.php\/wp-json\/wp\/v2\/comments?post=729"}],"version-history":[{"count":5,"href":"https:\/\/umojn.edu.ni\/index.php\/wp-json\/wp\/v2\/pages\/729\/revisions"}],"predecessor-version":[{"id":807,"href":"https:\/\/umojn.edu.ni\/index.php\/wp-json\/wp\/v2\/pages\/729\/revisions\/807"}],"wp:attachment":[{"href":"https:\/\/umojn.edu.ni\/index.php\/wp-json\/wp\/v2\/media?parent=729"}],"curies":[{"name":"wp","href":"https:\/\/api.w.org\/{rel}","templated":true}]}}