{"id":720,"date":"2023-11-27T13:11:12","date_gmt":"2023-11-27T19:11:12","guid":{"rendered":"http:\/\/umojn.edu.ni\/?page_id=720"},"modified":"2023-11-27T13:33:02","modified_gmt":"2023-11-27T19:33:02","slug":"asociacion-nicaraguense-de-ex-becarios-del-japon","status":"publish","type":"page","link":"https:\/\/umojn.edu.ni\/index.php\/asociacion-nicaraguense-de-ex-becarios-del-japon\/","title":{"rendered":"Asociaci\u00f3n Nicarag\u00fcense de Ex becarios del Jap\u00f3n"},"content":{"rendered":"\n<h2 class=\"wp-block-heading\">CONVENIO CON ASOCIACI\u00d3N NICARAG\u00dcENSE DE EX BECARIOS DEL JAP\u00d3N (ANEJA).<\/h2>\n\n\n\n<p>ANEJA y UMO-JN trabajan en conjunto en promover el intercambio de conocimientos culturales, cient\u00edficos y tecnol\u00f3gicos, donde la comunidad estudiantil participa en talleres y capacitaciones aline\u00e1ndose a los objetivos generales de cada instituci\u00f3n para el desarrollo social del pa\u00eds.<\/p>\n\n\n\n<figure class=\"wp-block-image size-full\"><img loading=\"lazy\" decoding=\"async\" width=\"1600\" height=\"900\" src=\"https:\/\/umojn.edu.ni\/wp-content\/uploads\/2023\/11\/063fe5f2-388e-4fb4-83d0-1deee7637258.jpg\" alt=\"\" class=\"wp-image-743\"\/><\/figure>\n","protected":false},"excerpt":{"rendered":"<p>CONVENIO CON ASOCIACI\u00d3N NICARAG\u00dcENSE DE EX BECARIOS DEL JAP\u00d3N (ANEJA). ANEJA y UMO-JN trabajan en conjunto en promover el intercambio de conocimientos culturales, cient\u00edficos y tecnol\u00f3gicos, donde la comunidad estudiantil participa en talleres y capacitaciones aline\u00e1ndose a los objetivos generales de cada instituci\u00f3n para el desarrollo social del pa\u00eds.<\/p>\n","protected":false},"author":1,"featured_media":0,"parent":0,"menu_order":0,"comment_status":"closed","ping_status":"closed","template":"","meta":{"footnotes":""},"class_list":["post-720","page","type-page","status-publish","hentry"],"rttpg_featured_image_url":null,"rttpg_author":{"display_name":"Administrador UMO-JN","author_link":"https:\/\/umojn.edu.ni\/index.php\/author\/wpadmin\/"},"rttpg_comment":0,"rttpg_category":null,"rttpg_excerpt":"CONVENIO CON ASOCIACI\u00d3N NICARAG\u00dcENSE DE EX BECARIOS DEL JAP\u00d3N (ANEJA). ANEJA y UMO-JN trabajan en conjunto en promover el intercambio de conocimientos culturales, cient\u00edficos y tecnol\u00f3gicos, donde la comunidad estudiantil participa en talleres y capacitaciones aline\u00e1ndose a los objetivos generales de cada instituci\u00f3n para el desarrollo social del pa\u00eds.","_links":{"self":[{"href":"https:\/\/umojn.edu.ni\/index.php\/wp-json\/wp\/v2\/pages\/720","targetHints":{"allow":["GET"]}}],"collection":[{"href":"https:\/\/umojn.edu.ni\/index.php\/wp-json\/wp\/v2\/pages"}],"about":[{"href":"https:\/\/umojn.edu.ni\/index.php\/wp-json\/wp\/v2\/types\/page"}],"author":[{"embeddable":true,"href":"https:\/\/umojn.edu.ni\/index.php\/wp-json\/wp\/v2\/users\/1"}],"replies":[{"embeddable":true,"href":"https:\/\/umojn.edu.ni\/index.php\/wp-json\/wp\/v2\/comments?post=720"}],"version-history":[{"count":2,"href":"https:\/\/umojn.edu.ni\/index.php\/wp-json\/wp\/v2\/pages\/720\/revisions"}],"predecessor-version":[{"id":744,"href":"https:\/\/umojn.edu.ni\/index.php\/wp-json\/wp\/v2\/pages\/720\/revisions\/744"}],"wp:attachment":[{"href":"https:\/\/umojn.edu.ni\/index.php\/wp-json\/wp\/v2\/media?parent=720"}],"curies":[{"name":"wp","href":"https:\/\/api.w.org\/{rel}","templated":true}]}}