{"id":714,"date":"2023-11-27T13:10:07","date_gmt":"2023-11-27T19:10:07","guid":{"rendered":"http:\/\/umojn.edu.ni\/?page_id=714"},"modified":"2023-11-27T13:23:23","modified_gmt":"2023-11-27T19:23:23","slug":"ministerio-de-salud","status":"publish","type":"page","link":"https:\/\/umojn.edu.ni\/index.php\/ministerio-de-salud\/","title":{"rendered":"Ministerio de Salud"},"content":{"rendered":"\n<h2 class=\"wp-block-heading\">CONVENIO CON<br>MINISTERIO DE SALUD<\/h2>\n\n\n\n<p>La UMO-JN, desde su fundaci\u00f3n, ha firmado de manera consecutiva convenios con el Ministerio de Salud.<\/p>\n\n\n\n<p>A trav\u00e9s, de estos convenios&nbsp;se contribuye al fortalecimiento del Modelo de Salud Familiar y Comunitario (MOSAFC), se logra, tambi\u00e9n, la realizaci\u00f3n de pr\u00e1cticas m\u00e9dicas orientales de nuestros estudiantes en centros de salud y hospitales.<\/p>\n\n\n","protected":false},"excerpt":{"rendered":"<p>CONVENIO CONMINISTERIO DE SALUD La UMO-JN, desde su fundaci\u00f3n, ha firmado de manera consecutiva convenios con el Ministerio de Salud. A trav\u00e9s, de estos convenios&nbsp;se contribuye al fortalecimiento del Modelo de Salud Familiar y Comunitario (MOSAFC), se logra, tambi\u00e9n, la realizaci\u00f3n de pr\u00e1cticas m\u00e9dicas orientales de nuestros estudiantes en centros de salud y hospitales.<\/p>\n","protected":false},"author":1,"featured_media":0,"parent":0,"menu_order":0,"comment_status":"closed","ping_status":"closed","template":"","meta":{"footnotes":""},"class_list":["post-714","page","type-page","status-publish","hentry"],"rttpg_featured_image_url":null,"rttpg_author":{"display_name":"Administrador UMO-JN","author_link":"https:\/\/umojn.edu.ni\/index.php\/author\/wpadmin\/"},"rttpg_comment":0,"rttpg_category":null,"rttpg_excerpt":"CONVENIO CONMINISTERIO DE SALUD La UMO-JN, desde su fundaci\u00f3n, ha firmado de manera consecutiva convenios con el Ministerio de Salud. A trav\u00e9s, de estos convenios&nbsp;se contribuye al fortalecimiento del Modelo de Salud Familiar y Comunitario (MOSAFC), se logra, tambi\u00e9n, la realizaci\u00f3n de pr\u00e1cticas m\u00e9dicas orientales de nuestros estudiantes en centros de salud y hospitales.","_links":{"self":[{"href":"https:\/\/umojn.edu.ni\/index.php\/wp-json\/wp\/v2\/pages\/714","targetHints":{"allow":["GET"]}}],"collection":[{"href":"https:\/\/umojn.edu.ni\/index.php\/wp-json\/wp\/v2\/pages"}],"about":[{"href":"https:\/\/umojn.edu.ni\/index.php\/wp-json\/wp\/v2\/types\/page"}],"author":[{"embeddable":true,"href":"https:\/\/umojn.edu.ni\/index.php\/wp-json\/wp\/v2\/users\/1"}],"replies":[{"embeddable":true,"href":"https:\/\/umojn.edu.ni\/index.php\/wp-json\/wp\/v2\/comments?post=714"}],"version-history":[{"count":2,"href":"https:\/\/umojn.edu.ni\/index.php\/wp-json\/wp\/v2\/pages\/714\/revisions"}],"predecessor-version":[{"id":733,"href":"https:\/\/umojn.edu.ni\/index.php\/wp-json\/wp\/v2\/pages\/714\/revisions\/733"}],"wp:attachment":[{"href":"https:\/\/umojn.edu.ni\/index.php\/wp-json\/wp\/v2\/media?parent=714"}],"curies":[{"name":"wp","href":"https:\/\/api.w.org\/{rel}","templated":true}]}}