{"id":69,"date":"2023-11-22T22:20:34","date_gmt":"2023-11-22T21:20:34","guid":{"rendered":"http:\/\/umojn.edu.ni\/?page_id=69"},"modified":"2026-02-01T18:22:26","modified_gmt":"2026-02-02T00:22:26","slug":"mision-y-vision","status":"publish","type":"page","link":"https:\/\/umojn.edu.ni\/index.php\/inicio-2\/mision-y-vision\/","title":{"rendered":"Misi\u00f3n y Visi\u00f3n"},"content":{"rendered":"\n<div class=\"wp-block-columns is-layout-flex wp-container-core-columns-is-layout-9d6595d7 wp-block-columns-is-layout-flex\">\n<div class=\"wp-block-column is-layout-flow wp-block-column-is-layout-flow\" style=\"flex-basis:100%\">\n<p class=\"has-large-font-size\"><strong>Nuestra Misi\u00f3n<\/strong><\/p>\n\n\n\n<p>La UMO-JN es una Instituci\u00f3n de Educaci\u00f3n Superior sin fines de lucro, dedicada a formar profesionales multidisciplinarios del campo de la Medicina Oriental Tradicional y Complementaria, con un cuerpo m\u00e9dico y docente altamente calificado y especializado; con base en una filosof\u00eda humanista y no discriminatoria, garantizando una educaci\u00f3n de calidad, integral, inclusiva, pertinente e intercultural, aportando al bienestar de las personas, las familias y comunidad nicarag\u00fcense.<\/p>\n\n\n\n<hr class=\"wp-block-separator has-alpha-channel-opacity\"\/>\n<\/div>\n<\/div>\n\n\n\n<p class=\"has-large-font-size\"><strong>Nuestra Visi\u00f3n <\/strong><\/p>\n\n\n\n<p>Instituci\u00f3n de Educaci\u00f3n Superior l\u00edder nacional e internacional en la formaci\u00f3n de Talentos Humanos de la Medicina Oriental Tradicional y Complementaria, con valores human\u00edsticos, capaces de innovar y contribuir a la soluci\u00f3n de problemas de salud f\u00edsica y mental de los sectores m\u00e1s vulnerables de la sociedad nicarag\u00fcense.<\/p>\n\n\n\n<hr class=\"wp-block-separator has-alpha-channel-opacity\"\/>\n\n\n\n<figure class=\"wp-block-gallery has-nested-images columns-default is-cropped wp-block-gallery-1 is-layout-flex wp-block-gallery-is-layout-flex\">\n<figure class=\"wp-block-image size-large\"><img loading=\"lazy\" decoding=\"async\" width=\"4000\" height=\"1844\" data-id=\"3032\" src=\"https:\/\/umojn.edu.ni\/wp-content\/uploads\/2026\/02\/1.jpg\" alt=\"\" class=\"wp-image-3032\"\/><\/figure>\n\n\n\n<figure class=\"wp-block-image size-large\"><img loading=\"lazy\" decoding=\"async\" width=\"4000\" height=\"1844\" data-id=\"3035\" src=\"https:\/\/umojn.edu.ni\/wp-content\/uploads\/2026\/02\/20250307_153757.jpg\" alt=\"\" class=\"wp-image-3035\"\/><\/figure>\n<\/figure>\n","protected":false},"excerpt":{"rendered":"<p>Nuestra Misi\u00f3n La UMO-JN es una Instituci\u00f3n de Educaci\u00f3n Superior sin fines de lucro, dedicada a formar profesionales multidisciplinarios del campo de la Medicina Oriental Tradicional y Complementaria, con un cuerpo m\u00e9dico y docente altamente calificado y especializado; con base en una filosof\u00eda humanista y no discriminatoria, garantizando una educaci\u00f3n de calidad, integral, inclusiva, pertinente [&hellip;]<\/p>\n","protected":false},"author":1,"featured_media":0,"parent":41,"menu_order":4,"comment_status":"closed","ping_status":"closed","template":"","meta":{"footnotes":""},"class_list":["post-69","page","type-page","status-publish","hentry"],"rttpg_featured_image_url":null,"rttpg_author":{"display_name":"Administrador UMO-JN","author_link":"https:\/\/umojn.edu.ni\/index.php\/author\/wpadmin\/"},"rttpg_comment":0,"rttpg_category":null,"rttpg_excerpt":"Nuestra Misi\u00f3n La UMO-JN es una Instituci\u00f3n de Educaci\u00f3n Superior sin fines de lucro, dedicada a formar profesionales multidisciplinarios del campo de la Medicina Oriental Tradicional y Complementaria, con un cuerpo m\u00e9dico y docente altamente calificado y especializado; con base en una filosof\u00eda humanista y no discriminatoria, garantizando una educaci\u00f3n de calidad, integral, inclusiva, pertinente&hellip;","_links":{"self":[{"href":"https:\/\/umojn.edu.ni\/index.php\/wp-json\/wp\/v2\/pages\/69","targetHints":{"allow":["GET"]}}],"collection":[{"href":"https:\/\/umojn.edu.ni\/index.php\/wp-json\/wp\/v2\/pages"}],"about":[{"href":"https:\/\/umojn.edu.ni\/index.php\/wp-json\/wp\/v2\/types\/page"}],"author":[{"embeddable":true,"href":"https:\/\/umojn.edu.ni\/index.php\/wp-json\/wp\/v2\/users\/1"}],"replies":[{"embeddable":true,"href":"https:\/\/umojn.edu.ni\/index.php\/wp-json\/wp\/v2\/comments?post=69"}],"version-history":[{"count":46,"href":"https:\/\/umojn.edu.ni\/index.php\/wp-json\/wp\/v2\/pages\/69\/revisions"}],"predecessor-version":[{"id":3129,"href":"https:\/\/umojn.edu.ni\/index.php\/wp-json\/wp\/v2\/pages\/69\/revisions\/3129"}],"up":[{"embeddable":true,"href":"https:\/\/umojn.edu.ni\/index.php\/wp-json\/wp\/v2\/pages\/41"}],"wp:attachment":[{"href":"https:\/\/umojn.edu.ni\/index.php\/wp-json\/wp\/v2\/media?parent=69"}],"curies":[{"name":"wp","href":"https:\/\/api.w.org\/{rel}","templated":true}]}}