{"id":65,"date":"2023-11-22T22:19:44","date_gmt":"2023-11-22T21:19:44","guid":{"rendered":"http:\/\/umojn.edu.ni\/?page_id=65"},"modified":"2026-01-23T11:06:27","modified_gmt":"2026-01-23T17:06:27","slug":"filosofia","status":"publish","type":"page","link":"https:\/\/umojn.edu.ni\/index.php\/inicio-2\/filosofia\/","title":{"rendered":"Filosof\u00eda"},"content":{"rendered":"\n<div class=\"wp-block-group alignfull has-accent-2-background-color has-background\" style=\"margin-top:0;margin-bottom:0;padding-top:var(--wp--preset--spacing--50);padding-right:var(--wp--preset--spacing--50);padding-bottom:var(--wp--preset--spacing--50);padding-left:var(--wp--preset--spacing--50)\"><div class=\"wp-block-group__inner-container is-layout-constrained wp-container-core-group-is-layout-2bafd31c wp-block-group-is-layout-constrained\">\n<div class=\"wp-block-columns is-layout-flex wp-container-core-columns-is-layout-9d6595d7 wp-block-columns-is-layout-flex\">\n<div class=\"wp-block-column is-vertically-aligned-center is-layout-flow wp-block-column-is-layout-flow\" style=\"flex-basis:60%\">\n<h2 class=\"wp-block-heading\"><mark style=\"background-color:rgba(0, 0, 0, 0);color:#021b43\" class=\"has-inline-color\"><strong>NUESTRA FILOSOF\u00cdA<\/strong><\/mark><\/h2>\n\n\n\n<h2 class=\"wp-block-heading alignwide has-text-align-left\">Somos formadores de talento humano calificado para la creaci\u00f3n, transformaci\u00f3n, reproducci\u00f3n y conservaci\u00f3n de valores fundamentales en la sociedad, Formando un profesional humanista, capaz de desarrollar el esp\u00edritu y la conciencia cr\u00edtica para dar respuesta a la exigencia del contexto Nacional en materia de salud alternativa y\/o complementaria.<\/h2>\n<\/div>\n<\/div>\n\n\n\n<div style=\"height:var(--wp--preset--spacing--40)\" aria-hidden=\"true\" class=\"wp-block-spacer\"><\/div>\n\n\n\n<figure class=\"wp-block-image alignwide size-full is-style-rounded\"><img loading=\"lazy\" decoding=\"async\" width=\"1600\" height=\"777\" src=\"https:\/\/umojn.edu.ni\/wp-content\/uploads\/2023\/11\/Filosofia-1.jpg\" alt=\"\" class=\"wp-image-323\"\/><\/figure>\n<\/div><\/div>\n\n\n\n<div class=\"wp-block-cover alignfull is-light has-parallax\" style=\"padding-top:var(--wp--preset--spacing--50);padding-right:var(--wp--preset--spacing--50);padding-bottom:var(--wp--preset--spacing--50);padding-left:var(--wp--preset--spacing--50);min-height:100vh;aspect-ratio:unset;\"><span aria-hidden=\"true\" class=\"wp-block-cover__background has-base-background-color has-background-dim-0 has-background-dim\"><\/span><div role=\"img\" class=\"wp-block-cover__image-background wp-image-556 has-parallax\" style=\"background-position:50% 50%;background-image:url(https:\/\/umojn.edu.ni\/wp-content\/uploads\/2023\/11\/WEB-1.jpg)\"><\/div><div class=\"wp-block-cover__inner-container is-layout-constrained wp-container-core-cover-is-layout-26290c42 wp-block-cover-is-layout-constrained\">\n<div style=\"height:500px\" aria-hidden=\"true\" class=\"wp-block-spacer\"><\/div>\n<\/div><\/div>\n","protected":false},"excerpt":{"rendered":"<p>NUESTRA FILOSOF\u00cdA Somos formadores de talento humano calificado para la creaci\u00f3n, transformaci\u00f3n, reproducci\u00f3n y conservaci\u00f3n de valores fundamentales en la sociedad, Formando un profesional humanista, capaz de desarrollar el esp\u00edritu y la conciencia cr\u00edtica para dar respuesta a la exigencia del contexto Nacional en materia de salud alternativa y\/o complementaria.<\/p>\n","protected":false},"author":1,"featured_media":0,"parent":41,"menu_order":2,"comment_status":"closed","ping_status":"closed","template":"","meta":{"footnotes":""},"class_list":["post-65","page","type-page","status-publish","hentry"],"rttpg_featured_image_url":null,"rttpg_author":{"display_name":"Administrador UMO-JN","author_link":"https:\/\/umojn.edu.ni\/index.php\/author\/wpadmin\/"},"rttpg_comment":0,"rttpg_category":null,"rttpg_excerpt":"NUESTRA FILOSOF\u00cdA Somos formadores de talento humano calificado para la creaci\u00f3n, transformaci\u00f3n, reproducci\u00f3n y conservaci\u00f3n de valores fundamentales en la sociedad, Formando un profesional humanista, capaz de desarrollar el esp\u00edritu y la conciencia cr\u00edtica para dar respuesta a la exigencia del contexto Nacional en materia de salud alternativa y\/o complementaria.","_links":{"self":[{"href":"https:\/\/umojn.edu.ni\/index.php\/wp-json\/wp\/v2\/pages\/65","targetHints":{"allow":["GET"]}}],"collection":[{"href":"https:\/\/umojn.edu.ni\/index.php\/wp-json\/wp\/v2\/pages"}],"about":[{"href":"https:\/\/umojn.edu.ni\/index.php\/wp-json\/wp\/v2\/types\/page"}],"author":[{"embeddable":true,"href":"https:\/\/umojn.edu.ni\/index.php\/wp-json\/wp\/v2\/users\/1"}],"replies":[{"embeddable":true,"href":"https:\/\/umojn.edu.ni\/index.php\/wp-json\/wp\/v2\/comments?post=65"}],"version-history":[{"count":3,"href":"https:\/\/umojn.edu.ni\/index.php\/wp-json\/wp\/v2\/pages\/65\/revisions"}],"predecessor-version":[{"id":559,"href":"https:\/\/umojn.edu.ni\/index.php\/wp-json\/wp\/v2\/pages\/65\/revisions\/559"}],"up":[{"embeddable":true,"href":"https:\/\/umojn.edu.ni\/index.php\/wp-json\/wp\/v2\/pages\/41"}],"wp:attachment":[{"href":"https:\/\/umojn.edu.ni\/index.php\/wp-json\/wp\/v2\/media?parent=65"}],"curies":[{"name":"wp","href":"https:\/\/api.w.org\/{rel}","templated":true}]}}