{"id":61,"date":"2023-11-22T22:18:57","date_gmt":"2023-11-22T21:18:57","guid":{"rendered":"http:\/\/umojn.edu.ni\/?page_id=61"},"modified":"2024-09-30T09:07:18","modified_gmt":"2024-09-30T15:07:18","slug":"programas-de-extension-social","status":"publish","type":"page","link":"https:\/\/umojn.edu.ni\/index.php\/inicio-2\/programas-de-extension-social\/","title":{"rendered":"Programas de Extensi\u00f3n Social"},"content":{"rendered":"\n<div class=\"wp-block-group has-accent-2-background-color has-background\" style=\"margin-top:0;margin-bottom:0;padding-top:var(--wp--preset--spacing--50);padding-right:var(--wp--preset--spacing--50);padding-bottom:var(--wp--preset--spacing--50);padding-left:var(--wp--preset--spacing--50)\"><div class=\"wp-block-group__inner-container is-layout-constrained wp-container-core-group-is-layout-2bafd31c wp-block-group-is-layout-constrained\">\n<div class=\"wp-block-columns alignwide is-layout-flex wp-container-core-columns-is-layout-9d6595d7 wp-block-columns-is-layout-flex\">\n<div class=\"wp-block-column is-layout-flow wp-block-column-is-layout-flow\" style=\"flex-basis:40%\">\n<figure class=\"wp-block-gallery alignfull has-nested-images columns-default is-cropped wp-block-gallery-1 is-layout-flex wp-block-gallery-is-layout-flex\">\n<figure class=\"wp-block-image size-full\"><img loading=\"lazy\" decoding=\"async\" width=\"600\" height=\"400\" data-id=\"233\" src=\"https:\/\/umojn.edu.ni\/wp-content\/uploads\/2023\/11\/PAMIC-1.1-1.jpg\" alt=\"\" class=\"wp-image-233\"\/><\/figure>\n<\/figure>\n<\/div>\n\n\n\n<div class=\"wp-block-column is-layout-flow wp-block-column-is-layout-flow\" style=\"flex-basis:60%\">\n<h2 class=\"wp-block-heading\"><strong>PAMIC (Programa de Atenci\u00f3n M\u00e9dica Integral Comunitaria)<\/strong><\/h2>\n\n\n\n<p>El Programa de Atenci\u00f3n M\u00e9dica Integral Comunitaria de UMO-JN, inici\u00f3 en el a\u00f1o 2008 como una iniciativa para la identificaci\u00f3n, ayuda y solidaridad con la comunidad, como un compromiso de UMO-JN, aplicando a plenitud su lema: \u00a8Excelencia Acad\u00e9mica con Esp\u00edritu Humanista\u00a8.<\/p>\n\n\n\n<h3 class=\"wp-block-heading\"><strong>OBJETIVO PRINCIPAL<\/strong><\/h3>\n\n\n\n<p>PAMIC tambi\u00e9n, brinda atenci\u00f3n de forma abierta a la poblaci\u00f3n en general, que desee\u00a0atenderse\u00a0en acupuntura y masaje Shiatsu a un costo accesible. A trav\u00e9s de PAMIC (Programa de atenci\u00f3n m\u00e9dica integral comunitaria), creamos en nuestros estudiantes, conciencia y compromiso en contribuir a solventar la problem\u00e1tica de salud imperante y que pongan en pr\u00e1ctica los conocimientos y herramientas adquiridas para brindar una atenci\u00f3n eficiente y con calidez.<\/p>\n\n\n\n<p>Proporcionar atenci\u00f3n m\u00e9dica con m\u00e9todos diagn\u00f3sticos, terap\u00e9uticos, orientales y occidentales a la comunidad nicarag\u00fcense de escasos recursos, remitidos de centros de salud y hospitales.<\/p>\n\n\n\n<p>problem\u00e1tica de salud imperante y que pongan en pr\u00e1ctica los conocimientos y herramientas adquiridas para brindar una atenci\u00f3n eficiente y con calidez.<\/p>\n\n\n\n<p>Anualmente, este programa atiende m\u00e1s de 3,000 pacientes.<\/p>\n<\/div>\n<\/div>\n\n\n\n<div style=\"height:var(--wp--preset--spacing--40)\" aria-hidden=\"true\" class=\"wp-block-spacer\"><\/div>\n\n\n\n<figure class=\"wp-block-image alignwide size-full is-style-rounded\"><img loading=\"lazy\" decoding=\"async\" width=\"1342\" height=\"1000\" src=\"https:\/\/umojn.edu.ni\/wp-content\/uploads\/2023\/11\/pamic-1-2-copia.jpg\" alt=\"\" class=\"wp-image-237\"\/><\/figure>\n<\/div><\/div>\n\n\n\n<div class=\"wp-block-cover alignfull is-light has-parallax\" style=\"padding-top:var(--wp--preset--spacing--50);padding-right:var(--wp--preset--spacing--50);padding-bottom:var(--wp--preset--spacing--50);padding-left:var(--wp--preset--spacing--50);min-height:100vh;aspect-ratio:unset;\"><span aria-hidden=\"true\" class=\"wp-block-cover__background has-base-background-color has-background-dim-0 has-background-dim\"><\/span><div class=\"wp-block-cover__image-background wp-image-257 has-parallax\" style=\"background-position:50% 50%;background-image:url(https:\/\/umojn.edu.ni\/wp-content\/uploads\/2023\/11\/WhatsApp-Image-2023-11-23-at-11.34.25-AM-1.jpeg)\"><\/div><div class=\"wp-block-cover__inner-container is-layout-constrained wp-container-core-cover-is-layout-26290c42 wp-block-cover-is-layout-constrained\">\n<div style=\"height:500px\" aria-hidden=\"true\" class=\"wp-block-spacer\"><\/div>\n<\/div><\/div>\n\n\n\n<div class=\"wp-block-group has-base-2-background-color has-background\" style=\"margin-top:0;margin-bottom:0;padding-top:var(--wp--preset--spacing--60);padding-right:var(--wp--preset--spacing--60);padding-bottom:var(--wp--preset--spacing--60);padding-left:var(--wp--preset--spacing--60)\"><div class=\"wp-block-group__inner-container is-layout-constrained wp-container-core-group-is-layout-409b3081 wp-block-group-is-layout-constrained\">\n<h2 class=\"wp-block-heading has-text-align-center\"><strong>SHONISHIN &#8211; <\/strong><\/h2>\n\n\n\n<h2 class=\"wp-block-heading has-text-align-center\"><strong>ATENCI\u00d3N ESPECIALIZADA A NI\u00d1OS CON TRASTORNO DEL ESPECTRO AUTISTA<\/strong><\/h2>\n<\/div><\/div>\n\n\n\n<div class=\"wp-block-group has-base-2-color has-contrast-background-color has-text-color has-background has-link-color wp-elements-ef1ba3d33df64d0d763950b3db03f3fb\" style=\"margin-top:0;margin-bottom:0;padding-top:var(--wp--preset--spacing--50);padding-right:var(--wp--preset--spacing--50);padding-bottom:var(--wp--preset--spacing--50);padding-left:var(--wp--preset--spacing--50)\"><div class=\"wp-block-group__inner-container is-layout-constrained wp-container-core-group-is-layout-7a379edc wp-block-group-is-layout-constrained\">\n<div class=\"wp-block-columns alignwide is-layout-flex wp-container-core-columns-is-layout-b1b80ead wp-block-columns-is-layout-flex\">\n<div class=\"wp-block-column is-vertically-aligned-stretch is-layout-flow wp-block-column-is-layout-flow\" style=\"padding-right:0;flex-basis:60%\">\n<div class=\"wp-block-group is-vertical is-content-justification-stretch is-layout-flex wp-container-core-group-is-layout-628836ec wp-block-group-is-layout-flex\" style=\"min-height:100%\">\n<div class=\"wp-block-cover\"><span aria-hidden=\"true\" class=\"wp-block-cover__background has-background-dim\"><\/span><img loading=\"lazy\" decoding=\"async\" width=\"1200\" height=\"1600\" class=\"wp-block-cover__image-background wp-image-256\" alt=\"\" src=\"https:\/\/umojn.edu.ni\/wp-content\/uploads\/2023\/11\/WhatsApp-Image-2023-08-29-at-4.22.35-PM-6.jpeg\" data-object-fit=\"cover\"\/><div class=\"wp-block-cover__inner-container is-layout-flow wp-block-cover-is-layout-flow\">\n<p class=\"has-text-align-center has-large-font-size\"><\/p>\n<\/div><\/div>\n\n\n\n<figure class=\"wp-block-image size-full\"><img loading=\"lazy\" decoding=\"async\" width=\"1342\" height=\"1000\" src=\"https:\/\/umojn.edu.ni\/wp-content\/uploads\/2023\/11\/ciegos-y-deficientes-visuales-1.jpg\" alt=\"\" class=\"wp-image-282\"\/><\/figure>\n<\/div>\n<\/div>\n\n\n\n<div class=\"wp-block-column is-layout-flow wp-block-column-is-layout-flow\" style=\"flex-basis:40%\">\n<div class=\"wp-block-group\"><div class=\"wp-block-group__inner-container is-layout-constrained wp-block-group-is-layout-constrained\">\n<p>La UMO-JN tiene una consulta especializada a un costo simb\u00f3lico dirigida a ni\u00f1os con trastorno del espectro autista donde se implementan terapias basadas en la Medicina Oriental.<\/p>\n\n\n\n<p><strong>Horarios de Atenci\u00f3n:<\/strong>&nbsp;Lunes y viernes.<\/p>\n\n\n\n<p><strong>Hora:<\/strong>&nbsp;8:00am \u2013 12:00 md<\/p>\n<\/div><\/div>\n\n\n\n<p><\/p>\n\n\n\n<p><\/p>\n\n\n\n<p><\/p>\n\n\n\n<p><\/p>\n\n\n\n<p><\/p>\n\n\n\n<p><\/p>\n\n\n\n<h2 class=\"wp-block-heading\"><strong>DIPLOMADO EN T\u00c9CNICAS SHIATSU PARA CIEGOS Y DEFICIENTES VISUALES<\/strong><\/h2>\n\n\n\n<p>En Nicaragua, existen m\u00e1s de 17,000 personas ciegas y deficientes visuales, en su mayor\u00eda j\u00f3venes, con baja escolaridad, limitaciones econ\u00f3micas extremas, y con pocas alternativas de mejorar su calidad de vida.<\/p>\n\n\n\n<p>La UMO-JN inici\u00f3 en febrero del 2009 EL PRIMER DIPLOMADO EN T\u00c9CNICAS SHIATSU PARA CIEGOS Y DEFICIENTES VISUALES.<\/p>\n\n\n\n<p>UMO-JN, tiene como principal compromiso contribuir DE FORMA GRATUITA a la educaci\u00f3n continua de este importante sector, aport\u00e1ndoles un recurso profesional, que facilite su inclusi\u00f3n social.<\/p>\n\n\n\n<p>El programa consiste en aprender y aplicar conocimientos en t\u00e9cnicas shiatsu uni\u00e9ndolo con los fundamentos de la anatom\u00eda humana con una duraci\u00f3n de dos a\u00f1os.<\/p>\n<\/div>\n<\/div>\n<\/div><\/div>\n","protected":false},"excerpt":{"rendered":"<p>PAMIC (Programa de Atenci\u00f3n M\u00e9dica Integral Comunitaria) El Programa de Atenci\u00f3n M\u00e9dica Integral Comunitaria de UMO-JN, inici\u00f3 en el a\u00f1o 2008 como una iniciativa para la identificaci\u00f3n, ayuda y solidaridad con la comunidad, como un compromiso de UMO-JN, aplicando a plenitud su lema: \u00a8Excelencia Acad\u00e9mica con Esp\u00edritu Humanista\u00a8. OBJETIVO PRINCIPAL PAMIC tambi\u00e9n, brinda atenci\u00f3n de [&hellip;]<\/p>\n","protected":false},"author":1,"featured_media":0,"parent":41,"menu_order":1,"comment_status":"closed","ping_status":"closed","template":"","meta":{"footnotes":""},"class_list":["post-61","page","type-page","status-publish","hentry"],"rttpg_featured_image_url":null,"rttpg_author":{"display_name":"Administrador UMO-JN","author_link":"https:\/\/umojn.edu.ni\/index.php\/author\/wpadmin\/"},"rttpg_comment":0,"rttpg_category":null,"rttpg_excerpt":"PAMIC (Programa de Atenci\u00f3n M\u00e9dica Integral Comunitaria) El Programa de Atenci\u00f3n M\u00e9dica Integral Comunitaria de UMO-JN, inici\u00f3 en el a\u00f1o 2008 como una iniciativa para la identificaci\u00f3n, ayuda y solidaridad con la comunidad, como un compromiso de UMO-JN, aplicando a plenitud su lema: \u00a8Excelencia Acad\u00e9mica con Esp\u00edritu Humanista\u00a8. OBJETIVO PRINCIPAL PAMIC tambi\u00e9n, brinda atenci\u00f3n de&hellip;","_links":{"self":[{"href":"https:\/\/umojn.edu.ni\/index.php\/wp-json\/wp\/v2\/pages\/61","targetHints":{"allow":["GET"]}}],"collection":[{"href":"https:\/\/umojn.edu.ni\/index.php\/wp-json\/wp\/v2\/pages"}],"about":[{"href":"https:\/\/umojn.edu.ni\/index.php\/wp-json\/wp\/v2\/types\/page"}],"author":[{"embeddable":true,"href":"https:\/\/umojn.edu.ni\/index.php\/wp-json\/wp\/v2\/users\/1"}],"replies":[{"embeddable":true,"href":"https:\/\/umojn.edu.ni\/index.php\/wp-json\/wp\/v2\/comments?post=61"}],"version-history":[{"count":5,"href":"https:\/\/umojn.edu.ni\/index.php\/wp-json\/wp\/v2\/pages\/61\/revisions"}],"predecessor-version":[{"id":1652,"href":"https:\/\/umojn.edu.ni\/index.php\/wp-json\/wp\/v2\/pages\/61\/revisions\/1652"}],"up":[{"embeddable":true,"href":"https:\/\/umojn.edu.ni\/index.php\/wp-json\/wp\/v2\/pages\/41"}],"wp:attachment":[{"href":"https:\/\/umojn.edu.ni\/index.php\/wp-json\/wp\/v2\/media?parent=61"}],"curies":[{"name":"wp","href":"https:\/\/api.w.org\/{rel}","templated":true}]}}