{"id":581,"date":"2023-11-25T10:10:52","date_gmt":"2023-11-25T16:10:52","guid":{"rendered":"http:\/\/umojn.edu.ni\/?page_id=581"},"modified":"2024-12-05T11:21:40","modified_gmt":"2024-12-05T17:21:40","slug":"noti-umo","status":"publish","type":"page","link":"https:\/\/umojn.edu.ni\/index.php\/noti-umo\/","title":{"rendered":"NOTICIAS"},"content":{"rendered":"\n<p><\/p>\n\n\n\n<div class=\"wp-block-media-text has-media-on-the-right is-stacked-on-mobile is-vertically-aligned-center\"><div class=\"wp-block-media-text__content\">\n<p><\/p>\n\n\n\n<div class=\"wp-block-group is-nowrap is-layout-flex wp-container-core-group-is-layout-ad2f72ca wp-block-group-is-layout-flex\">\n<div class=\"wp-block-group is-nowrap is-layout-flex wp-container-core-group-is-layout-ad2f72ca wp-block-group-is-layout-flex\">\n<div class=\"wp-block-group is-vertical is-layout-flex wp-container-core-group-is-layout-8cf370e7 wp-block-group-is-layout-flex\">\n<p>El 1 de marzo de 2004, en unas instalaciones m\u00e9dicas de Managua Nicaragua, se escribe un nuevo cap\u00edtulo de la historia. Se inaugura, por primera vez en Centroam\u00e9rica, una universidad de estudios de acupuntura y moxibusti\u00f3n.<\/p>\n\n\n\n<p>Hoy la Universidad de Medicina Oriental Jap\u00f3n Nicaragua se viste de gala, celebrando su 20 aniversario de fundaci\u00f3n y de estar formando m\u00e9dicos en la medicina oriental, basada en una filosof\u00eda Humanista contribuyendo a un desarrollo profesional y de calidad en el pa\u00eds.<\/p>\n\n\n\n<p><\/p>\n<\/div>\n<\/div>\n<\/div>\n\n\n\n<p><\/p>\n<\/div><figure class=\"wp-block-media-text__media\"><img loading=\"lazy\" decoding=\"async\" width=\"1600\" height=\"737\" src=\"https:\/\/umojn.edu.ni\/wp-content\/uploads\/2024\/12\/WhatsApp-Image-2024-11-28-at-4.08.54-PM.jpeg\" alt=\"\" class=\"wp-image-1704 size-full\"\/><\/figure><\/div>\n\n\n<div class=\"wp-block-image\">\n<figure class=\"aligncenter size-full is-resized\"><img loading=\"lazy\" decoding=\"async\" width=\"1600\" height=\"737\" src=\"https:\/\/umojn.edu.ni\/wp-content\/uploads\/2024\/12\/WhatsApp-Image-2024-11-28-at-4.08.53-PM-1.jpeg\" alt=\"\" class=\"wp-image-1707\" style=\"width:762px;height:auto\"\/><\/figure>\n<\/div>\n\n\n<p><\/p>\n\n\n\n<div class=\"wp-block-group\"><div class=\"wp-block-group__inner-container is-layout-constrained wp-block-group-is-layout-constrained\">\n<div class=\"wp-block-columns is-layout-flex wp-container-core-columns-is-layout-9d6595d7 wp-block-columns-is-layout-flex\">\n<div class=\"wp-block-column is-layout-flow wp-block-column-is-layout-flow\" style=\"flex-basis:100%\">\n<div class=\"wp-block-group\"><div class=\"wp-block-group__inner-container is-layout-constrained wp-block-group-is-layout-constrained\">\n<figure class=\"wp-block-gallery has-nested-images columns-default is-cropped wp-block-gallery-1 is-layout-flex wp-block-gallery-is-layout-flex\">\n<figure class=\"wp-block-image size-large\"><img loading=\"lazy\" decoding=\"async\" width=\"1080\" height=\"1080\" data-id=\"1702\" src=\"https:\/\/umojn.edu.ni\/wp-content\/uploads\/2024\/12\/OFERTA-ACADEMICA-2-2.png\" alt=\"\" class=\"wp-image-1702\"\/><\/figure>\n\n\n\n<figure class=\"wp-block-image size-large\"><img loading=\"lazy\" decoding=\"async\" width=\"1080\" height=\"1080\" data-id=\"1701\" src=\"https:\/\/umojn.edu.ni\/wp-content\/uploads\/2024\/12\/OFERTA-ACADEMICA-3-1.png\" alt=\"\" class=\"wp-image-1701\"\/><\/figure>\n<\/figure>\n<\/div><\/div>\n<\/div>\n<\/div>\n<\/div><\/div>\n","protected":false},"excerpt":{"rendered":"","protected":false},"author":1,"featured_media":0,"parent":0,"menu_order":0,"comment_status":"closed","ping_status":"closed","template":"","meta":{"footnotes":""},"class_list":["post-581","page","type-page","status-publish","hentry"],"rttpg_featured_image_url":null,"rttpg_author":{"display_name":"Administrador UMO-JN","author_link":"https:\/\/umojn.edu.ni\/index.php\/author\/wpadmin\/"},"rttpg_comment":0,"rttpg_category":null,"rttpg_excerpt":null,"_links":{"self":[{"href":"https:\/\/umojn.edu.ni\/index.php\/wp-json\/wp\/v2\/pages\/581","targetHints":{"allow":["GET"]}}],"collection":[{"href":"https:\/\/umojn.edu.ni\/index.php\/wp-json\/wp\/v2\/pages"}],"about":[{"href":"https:\/\/umojn.edu.ni\/index.php\/wp-json\/wp\/v2\/types\/page"}],"author":[{"embeddable":true,"href":"https:\/\/umojn.edu.ni\/index.php\/wp-json\/wp\/v2\/users\/1"}],"replies":[{"embeddable":true,"href":"https:\/\/umojn.edu.ni\/index.php\/wp-json\/wp\/v2\/comments?post=581"}],"version-history":[{"count":20,"href":"https:\/\/umojn.edu.ni\/index.php\/wp-json\/wp\/v2\/pages\/581\/revisions"}],"predecessor-version":[{"id":1722,"href":"https:\/\/umojn.edu.ni\/index.php\/wp-json\/wp\/v2\/pages\/581\/revisions\/1722"}],"wp:attachment":[{"href":"https:\/\/umojn.edu.ni\/index.php\/wp-json\/wp\/v2\/media?parent=581"}],"curies":[{"name":"wp","href":"https:\/\/api.w.org\/{rel}","templated":true}]}}