{"id":51,"date":"2023-11-22T21:55:03","date_gmt":"2023-11-22T20:55:03","guid":{"rendered":"http:\/\/umojn.edu.ni\/?page_id=51"},"modified":"2023-11-28T13:51:00","modified_gmt":"2023-11-28T19:51:00","slug":"convenios","status":"publish","type":"page","link":"https:\/\/umojn.edu.ni\/index.php\/convenios\/","title":{"rendered":"CONVENIOS"},"content":{"rendered":"\n<div class=\"wp-block-group alignfull has-accent-2-background-color has-background\" style=\"margin-top:0;margin-bottom:0;padding-top:var(--wp--preset--spacing--50);padding-right:var(--wp--preset--spacing--50);padding-bottom:var(--wp--preset--spacing--50);padding-left:var(--wp--preset--spacing--50)\"><div class=\"wp-block-group__inner-container is-layout-constrained wp-container-core-group-is-layout-2bafd31c wp-block-group-is-layout-constrained\">\n<div class=\"wp-block-columns alignwide is-layout-flex wp-container-core-columns-is-layout-9d6595d7 wp-block-columns-is-layout-flex\">\n<div class=\"wp-block-column is-layout-flow wp-block-column-is-layout-flow\" style=\"flex-basis:40%\">\n<figure class=\"wp-block-image size-full\"><img loading=\"lazy\" decoding=\"async\" width=\"1342\" height=\"1000\" src=\"https:\/\/umojn.edu.ni\/wp-content\/uploads\/2023\/11\/ANEJA-FIRMA-DE-CONVENIO.jpg\" alt=\"\" class=\"wp-image-771\"\/><\/figure>\n<\/div>\n\n\n\n<div class=\"wp-block-column is-layout-flow wp-block-column-is-layout-flow\" style=\"flex-basis:60%\">\n<h1 class=\"wp-block-heading\">RELACIONES P\u00daBLICAS<\/h1>\n\n\n\n<p>La Universidad de Medicina Oriental Jap\u00f3n Nicaragua, en pro de su fortalecimiento institucional, ha realizado convenios y avales que permiten dar continuidad a los diferentes programas de formaci\u00f3n acad\u00e9mica y de proyecci\u00f3n social.<\/p>\n\n\n\n<p>A trav\u00e9s, de estos convenios se logra tambi\u00e9n, la realizaci\u00f3n de pr\u00e1cticas m\u00e9dicas orientales de nuestros estudiantes en centros de salud y hospitales.<\/p>\n<\/div>\n<\/div>\n<\/div><\/div>\n\n\n\n<div class=\"wp-block-group alignfull has-base-2-background-color has-background\" style=\"margin-top:0;margin-bottom:0;padding-top:var(--wp--preset--spacing--60);padding-right:var(--wp--preset--spacing--60);padding-bottom:var(--wp--preset--spacing--60);padding-left:var(--wp--preset--spacing--60)\"><div class=\"wp-block-group__inner-container is-layout-constrained wp-container-core-group-is-layout-409b3081 wp-block-group-is-layout-constrained\">\n<div class=\"wp-block-group alignwide\"><div class=\"wp-block-group__inner-container is-layout-flow wp-block-group-is-layout-flow\">\n<div style=\"height:var(--wp--preset--spacing--50)\" aria-hidden=\"true\" class=\"wp-block-spacer\"><\/div>\n<\/div><\/div>\n<\/div><\/div>\n\n\n\n<div class=\"wp-block-columns is-layout-flex wp-container-core-columns-is-layout-9d6595d7 wp-block-columns-is-layout-flex\">\n<div class=\"wp-block-column is-layout-flow wp-block-column-is-layout-flow\"><div class=\"wp-block-image\">\n<figure class=\"aligncenter size-full is-resized\"><img loading=\"lazy\" decoding=\"async\" width=\"1024\" height=\"342\" src=\"https:\/\/umojn.edu.ni\/wp-content\/uploads\/2023\/11\/lOGO-MINSA-1.png\" alt=\"\" class=\"wp-image-764\" style=\"width:377px;height:auto\"\/><\/figure>\n<\/div>\n\n<div class=\"wp-block-image\">\n<figure class=\"aligncenter size-full is-resized\"><img loading=\"lazy\" decoding=\"async\" width=\"225\" height=\"225\" src=\"https:\/\/umojn.edu.ni\/wp-content\/uploads\/2023\/11\/logo-MINJUVE-2.png\" alt=\"\" class=\"wp-image-767\" style=\"width:379px;height:auto\"\/><\/figure>\n<\/div><\/div>\n\n\n\n<div class=\"wp-block-column is-layout-flow wp-block-column-is-layout-flow\"><div class=\"wp-block-image\">\n<figure class=\"aligncenter size-full is-resized\"><img loading=\"lazy\" decoding=\"async\" width=\"262\" height=\"191\" src=\"https:\/\/umojn.edu.ni\/wp-content\/uploads\/2023\/11\/LOGO-ANEJA-1.png\" alt=\"\" class=\"wp-image-765\" style=\"width:305px;height:auto\"\/><\/figure>\n<\/div>\n\n<div class=\"wp-block-image\">\n<figure class=\"aligncenter size-full is-resized\"><img loading=\"lazy\" decoding=\"async\" width=\"376\" height=\"538\" src=\"https:\/\/umojn.edu.ni\/wp-content\/uploads\/2023\/11\/LOGOVILLACLARA-2.jpg\" alt=\"\" class=\"wp-image-766\" style=\"width:175px;height:auto\"\/><\/figure>\n<\/div><\/div>\n\n\n\n<div class=\"wp-block-column is-layout-flow wp-block-column-is-layout-flow\"><div class=\"wp-block-image\">\n<figure class=\"aligncenter size-full is-resized\"><img loading=\"lazy\" decoding=\"async\" width=\"224\" height=\"225\" src=\"https:\/\/umojn.edu.ni\/wp-content\/uploads\/2023\/11\/logo-Ortiz-Gurdian-1.png\" alt=\"\" class=\"wp-image-768\" style=\"width:252px;height:auto\"\/><\/figure>\n<\/div>\n\n<div class=\"wp-block-image\">\n<figure class=\"aligncenter size-full is-resized\"><img loading=\"lazy\" decoding=\"async\" width=\"197\" height=\"192\" src=\"https:\/\/umojn.edu.ni\/wp-content\/uploads\/2023\/11\/Logo-Asociacion-de-enfermeras1.jpeg\" alt=\"\" class=\"wp-image-769\" style=\"width:224px;height:auto\"\/><\/figure>\n<\/div><\/div>\n<\/div>\n","protected":false},"excerpt":{"rendered":"<p>RELACIONES P\u00daBLICAS La Universidad de Medicina Oriental Jap\u00f3n Nicaragua, en pro de su fortalecimiento institucional, ha realizado convenios y avales que permiten dar continuidad a los diferentes programas de formaci\u00f3n acad\u00e9mica y de proyecci\u00f3n social. A trav\u00e9s, de estos convenios se logra tambi\u00e9n, la realizaci\u00f3n de pr\u00e1cticas m\u00e9dicas orientales de nuestros estudiantes en centros de [&hellip;]<\/p>\n","protected":false},"author":1,"featured_media":0,"parent":0,"menu_order":0,"comment_status":"closed","ping_status":"closed","template":"","meta":{"footnotes":""},"class_list":["post-51","page","type-page","status-publish","hentry"],"rttpg_featured_image_url":null,"rttpg_author":{"display_name":"Administrador UMO-JN","author_link":"https:\/\/umojn.edu.ni\/index.php\/author\/wpadmin\/"},"rttpg_comment":0,"rttpg_category":null,"rttpg_excerpt":"RELACIONES P\u00daBLICAS La Universidad de Medicina Oriental Jap\u00f3n Nicaragua, en pro de su fortalecimiento institucional, ha realizado convenios y avales que permiten dar continuidad a los diferentes programas de formaci\u00f3n acad\u00e9mica y de proyecci\u00f3n social. A trav\u00e9s, de estos convenios se logra tambi\u00e9n, la realizaci\u00f3n de pr\u00e1cticas m\u00e9dicas orientales de nuestros estudiantes en centros de&hellip;","_links":{"self":[{"href":"https:\/\/umojn.edu.ni\/index.php\/wp-json\/wp\/v2\/pages\/51","targetHints":{"allow":["GET"]}}],"collection":[{"href":"https:\/\/umojn.edu.ni\/index.php\/wp-json\/wp\/v2\/pages"}],"about":[{"href":"https:\/\/umojn.edu.ni\/index.php\/wp-json\/wp\/v2\/types\/page"}],"author":[{"embeddable":true,"href":"https:\/\/umojn.edu.ni\/index.php\/wp-json\/wp\/v2\/users\/1"}],"replies":[{"embeddable":true,"href":"https:\/\/umojn.edu.ni\/index.php\/wp-json\/wp\/v2\/comments?post=51"}],"version-history":[{"count":6,"href":"https:\/\/umojn.edu.ni\/index.php\/wp-json\/wp\/v2\/pages\/51\/revisions"}],"predecessor-version":[{"id":775,"href":"https:\/\/umojn.edu.ni\/index.php\/wp-json\/wp\/v2\/pages\/51\/revisions\/775"}],"wp:attachment":[{"href":"https:\/\/umojn.edu.ni\/index.php\/wp-json\/wp\/v2\/media?parent=51"}],"curies":[{"name":"wp","href":"https:\/\/api.w.org\/{rel}","templated":true}]}}