{"id":49,"date":"2023-11-22T21:54:48","date_gmt":"2023-11-22T20:54:48","guid":{"rendered":"http:\/\/umojn.edu.ni\/?page_id=49"},"modified":"2025-05-07T16:34:26","modified_gmt":"2025-05-07T22:34:26","slug":"biblioteca","status":"publish","type":"page","link":"https:\/\/umojn.edu.ni\/index.php\/biblioteca\/","title":{"rendered":"BIBLIOTECA"},"content":{"rendered":"\n<div class=\"wp-block-group alignfull\" style=\"padding-top:var(--wp--preset--spacing--50);padding-right:var(--wp--preset--spacing--50);padding-bottom:var(--wp--preset--spacing--50);padding-left:var(--wp--preset--spacing--50)\"><div class=\"wp-block-group__inner-container is-layout-constrained wp-container-core-group-is-layout-f4d13f5d wp-block-group-is-layout-constrained\">\n<div class=\"wp-block-columns is-layout-flex wp-container-core-columns-is-layout-9d6595d7 wp-block-columns-is-layout-flex\">\n<div class=\"wp-block-column is-layout-flow wp-block-column-is-layout-flow\" style=\"flex-basis:100%\">\n<div class=\"wp-block-group is-vertical is-layout-flex wp-container-core-group-is-layout-ce4714e7 wp-block-group-is-layout-flex\">\n<p><\/p>\n\n\n\n<p>Inicia sus funciones en el a\u00f1o 2004, concibi\u00e9ndose como una biblioteca para estudios superiores en Medicina Oriental, con una colecci\u00f3n enfocada al perfil profesional de la oferta acad\u00e9mica en ese contexto.<\/p>\n\n\n\n<p><\/p>\n\n\n\n<p>Actualmente, es una biblioteca especializada en Medicina Oriental, contando con una amplia colecci\u00f3n bibliogr\u00e1fica, destinada a la formaci\u00f3n y fortalecimiento de la ense\u00f1anza aprendizaje de su matr\u00edcula estudiantil, adem\u00e1s es una biblioteca inclusiva, ofreciendo bibliograf\u00eda en sistema de lectura Braille para ciegos y fuente aumentada para deficientes visuales.<\/p>\n\n\n\n<p><\/p>\n\n\n\n<p>Cuenta con dos cat\u00e1logos electr\u00f3nicos:<\/p>\n\n\n\n<ol start=\"1\" class=\"wp-block-list\">\n<li>El cat\u00e1logo SIBIUN.<\/li>\n\n\n\n<li>El cat\u00e1logo KOHA.<\/li>\n<\/ol>\n<\/div>\n<\/div>\n<\/div>\n<\/div><\/div>\n\n\n\n<div class=\"wp-block-group alignfull has-base-2-background-color has-background\" style=\"margin-top:0;margin-bottom:0;padding-top:var(--wp--preset--spacing--50);padding-right:var(--wp--preset--spacing--50);padding-bottom:var(--wp--preset--spacing--50);padding-left:var(--wp--preset--spacing--50)\"><div class=\"wp-block-group__inner-container is-layout-constrained wp-container-core-group-is-layout-2bafd31c wp-block-group-is-layout-constrained\">\n<div class=\"wp-block-group is-vertical is-content-justification-center is-layout-flex wp-container-core-group-is-layout-7681721f wp-block-group-is-layout-flex\">\n<h2 class=\"wp-block-heading has-text-align-center is-style-asterisk\"><strong>SERVICIOS QUE OFRECE LA BIBLIOTECA<\/strong><\/h2>\n<\/div>\n\n\n\n<div style=\"margin-top:0;margin-bottom:0;height:var(--wp--preset--spacing--40)\" aria-hidden=\"true\" class=\"wp-block-spacer\"><\/div>\n\n\n\n<ul class=\"wp-block-list\">\n<li>Colecci\u00f3n especializada en medicina oriental<\/li>\n\n\n\n<li>Bibliograf\u00eda en Braille (para ciegos)<\/li>\n\n\n\n<li>Bibliograf\u00eda para deficientes visuales (Fuente aumentada)<\/li>\n\n\n\n<li>Pr\u00e9stamos de libros en sala<\/li>\n\n\n\n<li>Estudio en sala<\/li>\n\n\n\n<li>Pr\u00e9stamos a domicilio Prestamos de maquetas y estructuras \u00f3seas<\/li>\n\n\n\n<li>Uso de sala para clases pr\u00e1cticas<\/li>\n\n\n\n<li>Red wifi<\/li>\n\n\n\n<li>Buscadores electr\u00f3nicos<\/li>\n\n\n\n<li>Computadoras<\/li>\n\n\n\n<li>Pantalla Data show<\/li>\n\n\n\n<li>Libros en formato PDF<\/li>\n\n\n\n<li>Solvencia de biblioteca<\/li>\n<\/ul>\n<\/div><\/div>\n\n\n\n<div class=\"wp-block-group alignfull\" style=\"margin-top:0;margin-bottom:0;padding-top:var(--wp--preset--spacing--50);padding-right:var(--wp--preset--spacing--50);padding-bottom:var(--wp--preset--spacing--50);padding-left:var(--wp--preset--spacing--50)\"><div class=\"wp-block-group__inner-container is-layout-constrained wp-container-core-group-is-layout-9cf8f26d wp-block-group-is-layout-constrained\">\n<div class=\"wp-block-group alignwide\"><div class=\"wp-block-group__inner-container is-layout-constrained wp-block-group-is-layout-constrained\">\n<div style=\"height:var(--wp--preset--spacing--40)\" aria-hidden=\"true\" class=\"wp-block-spacer\"><\/div>\n\n\n\n<h2 class=\"wp-block-heading has-text-align-center\"><strong>LIBROS DISPONIBLES EN BIBLIOTECA<\/strong><\/h2>\n\n\n\n<p><\/p>\n\n\n\n<div class=\"wp-block-columns alignwide is-layout-flex wp-container-core-columns-is-layout-b1b80ead wp-block-columns-is-layout-flex\">\n<div class=\"wp-block-column is-vertically-aligned-center is-layout-flow wp-block-column-is-layout-flow\" style=\"flex-basis:40%\"><div class=\"wp-block-image is-style-rounded\">\n<figure class=\"aligncenter size-full is-resized\"><img loading=\"lazy\" decoding=\"async\" width=\"300\" height=\"300\" src=\"https:\/\/umojn.edu.ni\/wp-content\/uploads\/2023\/11\/DESARROLLO-HUMANO.png\" alt=\"\" class=\"wp-image-700\" style=\"width:277px;height:auto\"\/><figcaption class=\"wp-element-caption\"><strong>Desarrollo Humano<\/strong><\/figcaption><\/figure>\n<\/div>\n\n\n<p class=\"has-text-align-center\">&nbsp;Diane E. Papalia<\/p>\n<\/div>\n\n\n\n<div class=\"wp-block-column is-layout-flow wp-block-column-is-layout-flow\" style=\"flex-basis:50%\"><div class=\"wp-block-image is-style-rounded\">\n<figure class=\"aligncenter size-full is-resized\"><img loading=\"lazy\" decoding=\"async\" width=\"300\" height=\"300\" src=\"https:\/\/umojn.edu.ni\/wp-content\/uploads\/2023\/11\/INTRODUCCION-A-LA-PSICOLOGIA.png\" alt=\"\" class=\"wp-image-701\" style=\"width:307px;height:auto\"\/><figcaption class=\"wp-element-caption\"><strong>Introducci\u00f3n a la Psicolog\u00eda<\/strong><\/figcaption><\/figure>\n<\/div>\n\n\n<p class=\"has-text-align-center\">Charles G. Morris&nbsp;<br>Albert A. Maisto.<\/p>\n<\/div>\n<\/div>\n\n\n\n<div class=\"wp-block-columns alignwide is-layout-flex wp-container-core-columns-is-layout-b1b80ead wp-block-columns-is-layout-flex\">\n<div class=\"wp-block-column is-vertically-aligned-center is-layout-flow wp-block-column-is-layout-flow\" style=\"flex-basis:40%\"><\/div>\n\n\n\n<div class=\"wp-block-column is-layout-flow wp-block-column-is-layout-flow\" style=\"flex-basis:50%\"><\/div>\n<\/div>\n\n\n\n<div class=\"wp-block-columns alignwide is-layout-flex wp-container-core-columns-is-layout-b1b80ead wp-block-columns-is-layout-flex\">\n<div class=\"wp-block-column is-vertically-aligned-center is-layout-flow wp-block-column-is-layout-flow\" style=\"flex-basis:40%\"><div class=\"wp-block-image is-style-rounded\">\n<figure class=\"aligncenter size-full is-resized\"><img loading=\"lazy\" decoding=\"async\" width=\"300\" height=\"300\" src=\"https:\/\/umojn.edu.ni\/wp-content\/uploads\/2023\/11\/LOS-FUNDAMENTOS-DE-LA-MEDICINA-CHINA.png\" alt=\"\" class=\"wp-image-702\" style=\"width:303px;height:auto\"\/><figcaption class=\"wp-element-caption\"><strong>Los Fundamentos de la Medicina China.<\/strong><\/figcaption><\/figure>\n<\/div>\n\n\n<p class=\"has-text-align-center\">Giovanni Maciocia.<\/p>\n<\/div>\n\n\n\n<div class=\"wp-block-column is-layout-flow wp-block-column-is-layout-flow\" style=\"flex-basis:50%\"><div class=\"wp-block-image is-style-rounded\">\n<figure class=\"aligncenter size-full is-resized\"><img loading=\"lazy\" decoding=\"async\" width=\"300\" height=\"300\" src=\"https:\/\/umojn.edu.ni\/wp-content\/uploads\/2023\/11\/ACUPUNTURA-II.png\" alt=\"\" class=\"wp-image-703\" style=\"width:301px;height:auto\"\/><figcaption class=\"wp-element-caption\"><strong>Acupuntura II<\/strong><\/figcaption><\/figure>\n<\/div>\n\n\n<p class=\"has-text-align-center\">Carlos Noguera P\u00e9rez.<\/p>\n<\/div>\n<\/div>\n\n\n\n<div class=\"wp-block-columns alignwide is-layout-flex wp-container-core-columns-is-layout-b1b80ead wp-block-columns-is-layout-flex\">\n<div class=\"wp-block-column is-vertically-aligned-center is-layout-flow wp-block-column-is-layout-flow\" style=\"flex-basis:40%\"><\/div>\n\n\n\n<div class=\"wp-block-column is-layout-flow wp-block-column-is-layout-flow\" style=\"flex-basis:50%\"><\/div>\n<\/div>\n\n\n\n<div class=\"wp-block-columns alignwide is-layout-flex wp-container-core-columns-is-layout-b1b80ead wp-block-columns-is-layout-flex\">\n<div class=\"wp-block-column is-vertically-aligned-center is-layout-flow wp-block-column-is-layout-flow\" style=\"flex-basis:40%\"><div class=\"wp-block-image is-style-rounded\">\n<figure class=\"aligncenter size-full is-resized\"><img loading=\"lazy\" decoding=\"async\" width=\"300\" height=\"300\" src=\"https:\/\/umojn.edu.ni\/wp-content\/uploads\/2023\/11\/LOS-PUNTOS-TESOROS-DE-LA-MOXIBUSTION-DE-FUKAYA.png\" alt=\"\" class=\"wp-image-704\" style=\"width:277px;height:auto\"\/><figcaption class=\"wp-element-caption\"><strong>Los puntos tesoros de la moxibusti\u00f3n de Fukaya<\/strong><\/figcaption><\/figure>\n<\/div>\n\n\n<p class=\"has-text-align-center\">Hideo&nbsp;Shinma<br>Felip Caudet<\/p>\n<\/div>\n\n\n\n<div class=\"wp-block-column is-layout-flow wp-block-column-is-layout-flow\" style=\"flex-basis:50%\"><div class=\"wp-block-image is-style-rounded\">\n<figure class=\"aligncenter size-full is-resized\"><img loading=\"lazy\" decoding=\"async\" width=\"300\" height=\"300\" src=\"https:\/\/umojn.edu.ni\/wp-content\/uploads\/2023\/11\/PUNTOS-DE-ACUPUNTURA.png\" alt=\"\" class=\"wp-image-705\" style=\"width:292px;height:auto\"\/><figcaption class=\"wp-element-caption\"><strong>Puntos de Acupuntura<\/strong><\/figcaption><\/figure>\n<\/div>\n\n\n<p class=\"has-text-align-center\">Dr. Guo Chang-qing, Dr. Chung Ching &amp; Liu Nai-gang.<\/p>\n<\/div>\n<\/div>\n\n\n\n<div class=\"wp-block-columns alignwide is-layout-flex wp-container-core-columns-is-layout-b1b80ead wp-block-columns-is-layout-flex\">\n<div class=\"wp-block-column is-vertically-aligned-center is-layout-flow wp-block-column-is-layout-flow\" style=\"flex-basis:40%\"><\/div>\n\n\n\n<div class=\"wp-block-column is-layout-flow wp-block-column-is-layout-flow\" style=\"flex-basis:50%\"><\/div>\n<\/div>\n<\/div><\/div>\n<\/div><\/div>\n\n\n\n<div class=\"wp-block-group alignfull\" style=\"margin-top:0;margin-bottom:0;padding-top:var(--wp--preset--spacing--50);padding-right:var(--wp--preset--spacing--50);padding-bottom:var(--wp--preset--spacing--50);padding-left:var(--wp--preset--spacing--50)\"><div class=\"wp-block-group__inner-container is-layout-constrained wp-container-core-group-is-layout-9cf8f26d wp-block-group-is-layout-constrained\">\n<h3 class=\"wp-block-heading alignwide has-x-large-font-size\" style=\"margin-top:0;margin-bottom:var(--wp--preset--spacing--40);line-height:1\">Enlaces de inter\u00e9s<\/h3>\n\n\n\n<p><\/p>\n\n\n\n<p><strong>BVS MTCI Am\u00e9ricas<\/strong>:&nbsp;<a href=\"https:\/\/mtci.bvsalud.org\/\">https:\/\/mtci.bvsalud.org<\/a><a href=\"https:\/\/mtci.bvsalud.org\/\">\/<\/a><\/p>\n\n\n\n<p><strong>BVS Nicaragua:&nbsp;<\/strong><a href=\"https:\/\/nicaragua.bvsalud.org\/es\/\">https:\/\/nicaragua.bvsalud.org\/es<strong>\/<\/strong><\/a><\/p>\n\n\n\n<p><strong>Ebiblioteca:<\/strong>&nbsp;<a href=\"https:\/\/ebiblioteca.org\/lecturas\/\">https:\/\/ebiblioteca.org\/lecturas<\/a><a href=\"https:\/\/ebiblioteca.org\/lecturas\/\">\/<\/a><\/p>\n\n\n\n<p><strong>Booksmedicos:<\/strong>&nbsp;<a href=\"https:\/\/booksmedicos.org\/\">https:\/\/booksmedicos.org<\/a><a href=\"https:\/\/booksmedicos.org\/\">\/<\/a><\/p>\n\n\n\n<p><strong>Academia.edu<\/strong>:&nbsp;<a href=\"https:\/\/www.academia.edu\/\">https:\/\/www.academia.edu<\/a><a href=\"https:\/\/www.academia.edu\/\">\/<\/a><\/p>\n\n\n\n<p><strong>Google acad\u00e9mico:&nbsp;<\/strong><a href=\"https:\/\/scholar.google.es\/\">https:\/\/scholar.google.es<\/a><a href=\"https:\/\/scholar.google.es\/\">\/<\/a><\/p>\n\n\n\n<p><strong>Repositorio CNU:<\/strong>&nbsp;<a href=\"https:\/\/repositorio.cnu.edu.ni\/\">https:\/\/repositorio.cnu.edu.ni<\/a><a href=\"https:\/\/repositorio.cnu.edu.ni\/\">\/<\/a><\/p>\n\n\n\n<p><strong>Dialnet:<\/strong>&nbsp;<a href=\"https:\/\/dialnet.unirioja.es\/\">https:\/\/dialnet.unirioja.es<\/a><a href=\"https:\/\/dialnet.unirioja.es\/\">\/<\/a><\/p>\n\n\n\n<p><strong>BioMed Central:<\/strong>&nbsp;<a href=\"http:\/\/www.biomedcentral.com\/journals\">www.biomedcentral.com\/journals<\/a><\/p>\n\n\n\n<p><strong>Scielo:<\/strong>&nbsp;<a href=\"http:\/\/www.scielo.org\/php\/index.php?lang=es\">www.scielo.org\/php\/index.php?lang=es<\/a><\/p>\n<\/div><\/div>\n\n\n\n<p><\/p>\n","protected":false},"excerpt":{"rendered":"<p>Inicia sus funciones en el a\u00f1o 2004, concibi\u00e9ndose como una biblioteca para estudios superiores en Medicina Oriental, con una colecci\u00f3n enfocada al perfil profesional de la oferta acad\u00e9mica en ese contexto. Actualmente, es una biblioteca especializada en Medicina Oriental, contando con una amplia colecci\u00f3n bibliogr\u00e1fica, destinada a la formaci\u00f3n y fortalecimiento de la ense\u00f1anza aprendizaje [&hellip;]<\/p>\n","protected":false},"author":1,"featured_media":0,"parent":0,"menu_order":0,"comment_status":"closed","ping_status":"closed","template":"","meta":{"footnotes":""},"class_list":["post-49","page","type-page","status-publish","hentry"],"rttpg_featured_image_url":null,"rttpg_author":{"display_name":"Administrador UMO-JN","author_link":"https:\/\/umojn.edu.ni\/index.php\/author\/wpadmin\/"},"rttpg_comment":0,"rttpg_category":null,"rttpg_excerpt":"Inicia sus funciones en el a\u00f1o 2004, concibi\u00e9ndose como una biblioteca para estudios superiores en Medicina Oriental, con una colecci\u00f3n enfocada al perfil profesional de la oferta acad\u00e9mica en ese contexto. Actualmente, es una biblioteca especializada en Medicina Oriental, contando con una amplia colecci\u00f3n bibliogr\u00e1fica, destinada a la formaci\u00f3n y fortalecimiento de la ense\u00f1anza aprendizaje&hellip;","_links":{"self":[{"href":"https:\/\/umojn.edu.ni\/index.php\/wp-json\/wp\/v2\/pages\/49","targetHints":{"allow":["GET"]}}],"collection":[{"href":"https:\/\/umojn.edu.ni\/index.php\/wp-json\/wp\/v2\/pages"}],"about":[{"href":"https:\/\/umojn.edu.ni\/index.php\/wp-json\/wp\/v2\/types\/page"}],"author":[{"embeddable":true,"href":"https:\/\/umojn.edu.ni\/index.php\/wp-json\/wp\/v2\/users\/1"}],"replies":[{"embeddable":true,"href":"https:\/\/umojn.edu.ni\/index.php\/wp-json\/wp\/v2\/comments?post=49"}],"version-history":[{"count":18,"href":"https:\/\/umojn.edu.ni\/index.php\/wp-json\/wp\/v2\/pages\/49\/revisions"}],"predecessor-version":[{"id":1949,"href":"https:\/\/umojn.edu.ni\/index.php\/wp-json\/wp\/v2\/pages\/49\/revisions\/1949"}],"wp:attachment":[{"href":"https:\/\/umojn.edu.ni\/index.php\/wp-json\/wp\/v2\/media?parent=49"}],"curies":[{"name":"wp","href":"https:\/\/api.w.org\/{rel}","templated":true}]}}