{"id":47,"date":"2023-11-22T21:54:24","date_gmt":"2023-11-22T20:54:24","guid":{"rendered":"http:\/\/umojn.edu.ni\/?page_id=47"},"modified":"2026-01-06T23:28:28","modified_gmt":"2026-01-07T05:28:28","slug":"posgrados","status":"publish","type":"page","link":"https:\/\/umojn.edu.ni\/index.php\/posgrados\/","title":{"rendered":"POSGRADOS"},"content":{"rendered":"\n<div class=\"wp-block-group alignfull has-accent-2-background-color has-background\" style=\"margin-top:0;margin-bottom:0;padding-top:var(--wp--preset--spacing--50);padding-right:var(--wp--preset--spacing--50);padding-bottom:var(--wp--preset--spacing--50);padding-left:var(--wp--preset--spacing--50)\"><div class=\"wp-block-group__inner-container is-layout-constrained wp-container-core-group-is-layout-2bafd31c wp-block-group-is-layout-constrained\">\n<div class=\"wp-block-columns alignwide is-layout-flex wp-container-core-columns-is-layout-9d6595d7 wp-block-columns-is-layout-flex\">\n<div class=\"wp-block-column is-layout-flow wp-block-column-is-layout-flow\" style=\"flex-basis:40%\">\n<figure class=\"wp-block-image size-full\"><img loading=\"lazy\" decoding=\"async\" width=\"1600\" height=\"1200\" src=\"https:\/\/umojn.edu.ni\/wp-content\/uploads\/2023\/11\/especialidad-de-acupuntura-1.jpg\" alt=\"\" class=\"wp-image-573\"\/><\/figure>\n<\/div>\n\n\n\n<div class=\"wp-block-column is-layout-flow wp-block-column-is-layout-flow\" style=\"flex-basis:60%\">\n<p class=\"has-heading-font-family has-x-large-font-size\" style=\"line-height:1.2\"><strong>ESPECIALIDAD EN ACUPUNTURA<\/strong><\/p>\n\n\n\n<h2 class=\"wp-block-heading\"><strong>PERFIL PROFESIONAL:<\/strong><\/h2>\n\n\n\n<ul class=\"wp-block-list\">\n<li>Facilitador del proceso de ense\u00f1anza-aprendizaje para conocimiento, apropiaci\u00f3n y desarrollo de la t\u00e9cnica de acupuntura.<\/li>\n\n\n\n<li>Elabora proyectos de investigaci\u00f3n para la generaci\u00f3n, comprobaci\u00f3n y b\u00fasqueda de conocimientos en la aplicaci\u00f3n de la t\u00e9cnica de acupuntura en pacientes<\/li>\n\n\n\n<li>Realiza estudios cl\u00ednicos para la generaci\u00f3n de nuevos conocimiento.<\/li>\n\n\n\n<li>Aplica adecuadamente y con presici\u00f3n la t\u00e9cnica de acupuntura para el tratamiento de patolog\u00edas.<\/li>\n<\/ul>\n\n\n\n<p>El egresado podr\u00e1 desempe\u00f1arse en : Centros de Salud y hospitales p\u00fablicos y privados del pa\u00eds.<\/p>\n\n\n\n<p>Organismos, instituciones, asociaciones, ONG y Cl\u00ednicas privadas.<\/p>\n<\/div>\n<\/div>\n\n\n<div class=\"wp-block-image\">\n<figure class=\"aligncenter size-full is-resized\"><img loading=\"lazy\" decoding=\"async\" width=\"1131\" height=\"1600\" src=\"https:\/\/umojn.edu.ni\/wp-content\/uploads\/2026\/01\/PLAN-DE-ESTUDIO-ESPECIALIDAD.jpeg\" alt=\"\" class=\"wp-image-2825\" style=\"aspect-ratio:0.706885415321018;width:503px;height:auto\"\/><\/figure>\n<\/div>\n\n\n<hr class=\"wp-block-separator has-alpha-channel-opacity\"\/>\n<\/div><\/div>\n\n\n\n<div class=\"wp-block-group alignfull has-base-background-color has-background\" style=\"margin-top:0;margin-bottom:0;padding-top:var(--wp--preset--spacing--50);padding-right:var(--wp--preset--spacing--50);padding-bottom:var(--wp--preset--spacing--50);padding-left:var(--wp--preset--spacing--50)\"><div class=\"wp-block-group__inner-container is-layout-constrained wp-container-core-group-is-layout-9cf8f26d wp-block-group-is-layout-constrained\">\n<div class=\"wp-block-columns alignwide is-layout-flex wp-container-core-columns-is-layout-1a7dd963 wp-block-columns-is-layout-flex\">\n<div class=\"wp-block-column is-content-justification-left is-layout-constrained wp-container-core-column-is-layout-e94ce9af wp-block-column-is-layout-constrained\" style=\"flex-basis:40%\">\n<figure class=\"wp-block-image alignfull size-full\"><img loading=\"lazy\" decoding=\"async\" width=\"1342\" height=\"1000\" src=\"https:\/\/umojn.edu.ni\/wp-content\/uploads\/2023\/11\/maestria_4-2.jpg\" alt=\"\" class=\"wp-image-572\"\/><\/figure>\n<\/div>\n\n\n\n<div class=\"wp-block-column is-layout-flow wp-block-column-is-layout-flow\" style=\"flex-basis:60%\">\n<p class=\"has-heading-font-family has-x-large-font-size\" style=\"line-height:1.2\"><strong>MAESTR\u00cdA EN MEDICINA TRADICIONAL Y COMPLEMENTARIA<\/strong><\/p>\n\n\n\n<div class=\"wp-block-columns is-layout-flex wp-container-core-columns-is-layout-b0e66f64 wp-block-columns-is-layout-flex\">\n<div class=\"wp-block-column is-layout-flow wp-block-column-is-layout-flow\">\n<h2 class=\"wp-block-heading\"><strong>PERFIL PROFESIONAL<\/strong><\/h2>\n\n\n\n<ul class=\"wp-block-list\">\n<li>Asesor\u00eda a instituciones en la gesti\u00f3n de calidad y promoci\u00f3n de los servicios de medicina tradicional a la poblaci\u00f3n.<\/li>\n\n\n\n<li>Facilitador del proceso de ense\u00f1anza-aprendizaje para conocimiento, apropiaci\u00f3n y desarrollo en las diferentes modalidades diagnosticas y terap\u00e9uticas.<\/li>\n\n\n\n<li>Realizar promoci\u00f3n, prevenci\u00f3n, diagn\u00f3stico, tratamiento y rehabilitaci\u00f3n del paciente, integrando los conocimientos y habilidades en su quehacer profesional.<\/li>\n\n\n\n<li>Dise\u00f1ar un plan de tratamiento preventivo, curativo y restaurativo, aplicando las diferentes modalidades terap\u00e9uticas.<\/li>\n\n\n\n<li>Identificar los materiales apropiados, las instalaciones m\u00ednimas requeridas y los elementos tecnol\u00f3gicos necesarios, en el marco regulatorio establecido, a fin de garantizar una atenci\u00f3n segura como para el paciente. as\u00ed como para propiciar el mejoramiento continuo de la calidad de la atenci\u00f3n<\/li>\n<\/ul>\n<\/div>\n<\/div>\n<\/div>\n<\/div>\n<\/div><\/div>\n\n\n<div class=\"wp-block-image\">\n<figure class=\"aligncenter size-full is-resized\"><img loading=\"lazy\" decoding=\"async\" width=\"1131\" height=\"1600\" src=\"https:\/\/umojn.edu.ni\/wp-content\/uploads\/2026\/01\/PLAN-DE-ESTUDIO-MAESTRIA.jpeg\" alt=\"\" class=\"wp-image-2824\" style=\"aspect-ratio:0.7068847630568559;width:514px;height:auto\"\/><\/figure>\n<\/div>","protected":false},"excerpt":{"rendered":"<p>ESPECIALIDAD EN ACUPUNTURA PERFIL PROFESIONAL: El egresado podr\u00e1 desempe\u00f1arse en : Centros de Salud y hospitales p\u00fablicos y privados del pa\u00eds. Organismos, instituciones, asociaciones, ONG y Cl\u00ednicas privadas. MAESTR\u00cdA EN MEDICINA TRADICIONAL Y COMPLEMENTARIA PERFIL PROFESIONAL<\/p>\n","protected":false},"author":1,"featured_media":0,"parent":0,"menu_order":0,"comment_status":"closed","ping_status":"closed","template":"","meta":{"footnotes":""},"class_list":["post-47","page","type-page","status-publish","hentry"],"rttpg_featured_image_url":null,"rttpg_author":{"display_name":"Administrador UMO-JN","author_link":"https:\/\/umojn.edu.ni\/index.php\/author\/wpadmin\/"},"rttpg_comment":0,"rttpg_category":null,"rttpg_excerpt":"ESPECIALIDAD EN ACUPUNTURA PERFIL PROFESIONAL: El egresado podr\u00e1 desempe\u00f1arse en : Centros de Salud y hospitales p\u00fablicos y privados del pa\u00eds. Organismos, instituciones, asociaciones, ONG y Cl\u00ednicas privadas. MAESTR\u00cdA EN MEDICINA TRADICIONAL Y COMPLEMENTARIA PERFIL PROFESIONAL","_links":{"self":[{"href":"https:\/\/umojn.edu.ni\/index.php\/wp-json\/wp\/v2\/pages\/47","targetHints":{"allow":["GET"]}}],"collection":[{"href":"https:\/\/umojn.edu.ni\/index.php\/wp-json\/wp\/v2\/pages"}],"about":[{"href":"https:\/\/umojn.edu.ni\/index.php\/wp-json\/wp\/v2\/types\/page"}],"author":[{"embeddable":true,"href":"https:\/\/umojn.edu.ni\/index.php\/wp-json\/wp\/v2\/users\/1"}],"replies":[{"embeddable":true,"href":"https:\/\/umojn.edu.ni\/index.php\/wp-json\/wp\/v2\/comments?post=47"}],"version-history":[{"count":9,"href":"https:\/\/umojn.edu.ni\/index.php\/wp-json\/wp\/v2\/pages\/47\/revisions"}],"predecessor-version":[{"id":2834,"href":"https:\/\/umojn.edu.ni\/index.php\/wp-json\/wp\/v2\/pages\/47\/revisions\/2834"}],"wp:attachment":[{"href":"https:\/\/umojn.edu.ni\/index.php\/wp-json\/wp\/v2\/media?parent=47"}],"curies":[{"name":"wp","href":"https:\/\/api.w.org\/{rel}","templated":true}]}}