{"id":43,"date":"2023-11-22T21:53:37","date_gmt":"2023-11-22T20:53:37","guid":{"rendered":"http:\/\/umojn.edu.ni\/?page_id=43"},"modified":"2025-12-24T13:16:57","modified_gmt":"2025-12-24T19:16:57","slug":"carreras","status":"publish","type":"page","link":"https:\/\/umojn.edu.ni\/index.php\/carreras\/","title":{"rendered":"CARRERAS"},"content":{"rendered":"\n<div class=\"wp-block-group alignfull has-accent-background-color has-background\" style=\"margin-top:0;margin-bottom:0;padding-top:var(--wp--preset--spacing--50);padding-right:var(--wp--preset--spacing--50);padding-bottom:var(--wp--preset--spacing--50);padding-left:var(--wp--preset--spacing--50)\"><div class=\"wp-block-group__inner-container is-layout-constrained wp-container-core-group-is-layout-2bafd31c wp-block-group-is-layout-constrained\">\n<div class=\"wp-block-columns alignwide is-layout-flex wp-container-core-columns-is-layout-4d397ad4 wp-block-columns-is-layout-flex\">\n<div class=\"wp-block-column is-vertically-aligned-stretch is-layout-flow wp-block-column-is-layout-flow\" style=\"flex-basis:50%\">\n<div class=\"wp-block-group is-vertical is-content-justification-stretch is-layout-flex wp-container-core-group-is-layout-d9786264 wp-block-group-is-layout-flex\" style=\"min-height:100%\">\n<h2 class=\"wp-block-heading has-x-large-font-size\"><strong>Medicina oriental<\/strong><\/h2>\n<\/div>\n<\/div>\n\n\n\n<div class=\"wp-block-column is-vertically-aligned-center is-layout-flow wp-block-column-is-layout-flow\" style=\"flex-basis:50%\"><\/div>\n<\/div>\n\n\n\n<figure class=\"wp-block-image size-full is-resized\"><img loading=\"lazy\" decoding=\"async\" width=\"1920\" height=\"1080\" src=\"https:\/\/umojn.edu.ni\/wp-content\/uploads\/2025\/10\/Copia-de-Copia-de-Presentacion-propuesta-de-proyecto-corporativo-moderno-azul-3.jpg\" alt=\"\" class=\"wp-image-2607\" style=\"width:854px;height:auto\"\/><\/figure>\n<\/div><\/div>\n\n\n\n<div class=\"wp-block-group alignfull has-accent-background-color has-background\" style=\"margin-top:0;margin-bottom:0;padding-top:var(--wp--preset--spacing--50);padding-right:var(--wp--preset--spacing--50);padding-bottom:var(--wp--preset--spacing--50);padding-left:var(--wp--preset--spacing--50)\"><div class=\"wp-block-group__inner-container is-layout-constrained wp-container-core-group-is-layout-2bafd31c wp-block-group-is-layout-constrained\">\n<h2 class=\"wp-block-heading\"><strong>Psicolog\u00eda con menci\u00f3n en <\/strong><strong>Medicina oriental<\/strong><\/h2>\n\n\n\n<figure class=\"wp-block-image size-full is-resized\"><img loading=\"lazy\" decoding=\"async\" width=\"1920\" height=\"1080\" src=\"https:\/\/umojn.edu.ni\/wp-content\/uploads\/2025\/10\/Copia-de-Copia-de-Presentacion-propuesta-de-proyecto-corporativo-moderno-azul-2.jpg\" alt=\"\" class=\"wp-image-2606\" style=\"width:848px;height:auto\"\/><\/figure>\n<\/div><\/div>\n\n\n\n<h2 class=\"wp-block-heading has-text-align-center\"><strong>Enfermer\u00eda con menci\u00f3n en Medicina Tradicional y Complementaria.<\/strong><\/h2>\n\n\n\n<figure class=\"wp-block-image size-full is-resized\"><img loading=\"lazy\" decoding=\"async\" width=\"1920\" height=\"1080\" src=\"https:\/\/umojn.edu.ni\/wp-content\/uploads\/2025\/10\/Copia-de-Copia-de-Presentacion-propuesta-de-proyecto-corporativo-moderno-azul.jpg\" alt=\"\" class=\"wp-image-2604\" style=\"width:819px;height:auto\"\/><\/figure>\n","protected":false},"excerpt":{"rendered":"<p>Medicina oriental Psicolog\u00eda con menci\u00f3n en Medicina oriental Enfermer\u00eda con menci\u00f3n en Medicina Tradicional y Complementaria.<\/p>\n","protected":false},"author":1,"featured_media":0,"parent":0,"menu_order":0,"comment_status":"closed","ping_status":"closed","template":"","meta":{"footnotes":""},"class_list":["post-43","page","type-page","status-publish","hentry"],"rttpg_featured_image_url":null,"rttpg_author":{"display_name":"Administrador UMO-JN","author_link":"https:\/\/umojn.edu.ni\/index.php\/author\/wpadmin\/"},"rttpg_comment":0,"rttpg_category":null,"rttpg_excerpt":"Medicina oriental Psicolog\u00eda con menci\u00f3n en Medicina oriental Enfermer\u00eda con menci\u00f3n en Medicina Tradicional y Complementaria.","_links":{"self":[{"href":"https:\/\/umojn.edu.ni\/index.php\/wp-json\/wp\/v2\/pages\/43","targetHints":{"allow":["GET"]}}],"collection":[{"href":"https:\/\/umojn.edu.ni\/index.php\/wp-json\/wp\/v2\/pages"}],"about":[{"href":"https:\/\/umojn.edu.ni\/index.php\/wp-json\/wp\/v2\/types\/page"}],"author":[{"embeddable":true,"href":"https:\/\/umojn.edu.ni\/index.php\/wp-json\/wp\/v2\/users\/1"}],"replies":[{"embeddable":true,"href":"https:\/\/umojn.edu.ni\/index.php\/wp-json\/wp\/v2\/comments?post=43"}],"version-history":[{"count":14,"href":"https:\/\/umojn.edu.ni\/index.php\/wp-json\/wp\/v2\/pages\/43\/revisions"}],"predecessor-version":[{"id":2731,"href":"https:\/\/umojn.edu.ni\/index.php\/wp-json\/wp\/v2\/pages\/43\/revisions\/2731"}],"wp:attachment":[{"href":"https:\/\/umojn.edu.ni\/index.php\/wp-json\/wp\/v2\/media?parent=43"}],"curies":[{"name":"wp","href":"https:\/\/api.w.org\/{rel}","templated":true}]}}