{"id":41,"date":"2023-11-22T21:51:38","date_gmt":"2023-11-22T20:51:38","guid":{"rendered":"http:\/\/umojn.edu.ni\/?page_id=41"},"modified":"2026-02-23T20:11:32","modified_gmt":"2026-02-24T02:11:32","slug":"inicio-2","status":"publish","type":"page","link":"https:\/\/umojn.edu.ni\/","title":{"rendered":""},"content":{"rendered":"\n<h2 class=\"wp-block-heading has-text-align-center\">&#8220;Excelencia Acad\u00e9mica con Esp\u00edritu Humanista&#8221;<\/h2>\n\n\n\n<div class=\"wp-block-columns is-layout-flex wp-container-core-columns-is-layout-9d6595d7 wp-block-columns-is-layout-flex\">\n<div class=\"wp-block-column is-layout-flow wp-block-column-is-layout-flow\"><\/div>\n<\/div>\n\n\n\n<div class=\"wp-block-columns alignwide is-layout-flex wp-container-core-columns-is-layout-829b1d53 wp-block-columns-is-layout-flex\" style=\"margin-bottom:0\">\n<div class=\"wp-block-column has-text-color has-background has-link-color wp-elements-e27335fa6860dd137b2617d50ba61d6f is-layout-flow wp-block-column-is-layout-flow\" style=\"color:#000000;background:linear-gradient(135deg,rgb(2,3,129) 0%,rgb(121,148,230) 48%,rgb(40,116,252) 100%);padding-top:2em;padding-right:2em;padding-bottom:2em;padding-left:2em;font-size:17px\">\n<div class=\"wp-block-columns is-layout-flex wp-container-core-columns-is-layout-9d6595d7 wp-block-columns-is-layout-flex\">\n<div class=\"wp-block-column is-layout-flow wp-block-column-is-layout-flow\" style=\"flex-basis:100%\">\n<figure data-extenderx-entrance=\"{&quot;active&quot;:true,&quot;easing&quot;:&quot;ease&quot;,&quot;preset&quot;:&quot;fadeInUp&quot;}\" class=\"wp-block-image alignfull size-full is-style-default extenderx-entrance\"><img loading=\"lazy\" decoding=\"async\" width=\"2048\" height=\"900\" src=\"https:\/\/umojn.edu.ni\/wp-content\/uploads\/2026\/02\/571107792_31855743454074234_431799861560803424_n-1.jpg\" alt=\"\" class=\"wp-image-3041\"\/><\/figure>\n<\/div>\n<\/div>\n\n\n\t\t<div class=\"rttpg-block-postgrid rttpg-block-wrapper rttpg-block-ee8f6d section-title-style-style4 section-title-align-left\">\n\t\t\t<div class=\"rt-container-fluid rt-tpg-container tpg-el-main-wrapper tpg-gutenberg clearfix\">\n\t\t\t\t<div class='tpg-header-wrapper'>\n\t\t\t\t\t\n        <div class=\"tpg-widget-heading-wrapper rt-clear heading-style4 \">\n            <span class=\"tpg-widget-heading-line line-left\"><\/span>\n            <h2 class='tpg-widget-heading'>\n                        <a href=\"#\"  target=&quot;_self&quot; >\n                \n                                    <span>\n\t\t\t\t\t\tMisi\u00f3n\t\t\t\t\t<\/span>\n                    \n                            <\/a>\n\n                    <\/h2>            <span class=\"tpg-widget-heading-line line-right\"><\/span>\n\n            \n        <\/div>\n\n        \n        \t\t\t\t<\/div>\n\t\t\t<\/div>\n\t\t<\/div>\n\t\t\n\n\n<p class=\"has-text-align-center\">La UMO-JN es una Instituci\u00f3n de Educaci\u00f3n Superior sin fines de lucro, dedicada a formar profesionales multidisciplinarios del campo de la Medicina Oriental Tradicional y Complementaria, con un cuerpo m\u00e9dico y docente altamente calificado y especializado; con base en una filosof\u00eda humanista y no discriminatoria, garantizando una educaci\u00f3n de calidad, integral, inclusiva, pertinente e intercultural, aportando al bienestar de las personas, las familias y comunidad nicarag\u00fcense.<\/p>\n<\/div>\n\n\n\n<div class=\"wp-block-column has-text-color has-background has-link-color wp-elements-935c7619bbc0ff37ad35147486b8f792 is-layout-flow wp-block-column-is-layout-flow\" style=\"color:#000000;background:linear-gradient(135deg,rgb(2,3,129) 0%,rgb(121,148,230) 48%,rgb(40,116,252) 100%);padding-top:2em;padding-right:2em;padding-bottom:2em;padding-left:2em;font-size:17px\">\n<figure class=\"wp-block-gallery aligncenter has-nested-images columns-default is-cropped wp-block-gallery-1 is-layout-flex wp-block-gallery-is-layout-flex\">\n<figure data-extenderx-entrance=\"{&quot;active&quot;:true,&quot;delay&quot;:{&quot;value&quot;:496}}\" class=\"wp-block-image alignfull size-full is-style-default extenderx-entrance\"><img loading=\"lazy\" decoding=\"async\" width=\"1342\" height=\"1000\" data-id=\"792\" src=\"https:\/\/umojn.edu.ni\/wp-content\/uploads\/2023\/12\/maestria_4.jpg\" alt=\"\" class=\"wp-image-792\"\/><\/figure>\n<\/figure>\n\n\n\t\t<div class=\"rttpg-block-postgrid rttpg-block-wrapper rttpg-block-4ad957 section-title-style-style4 section-title-align-left\">\n\t\t\t<div class=\"rt-container-fluid rt-tpg-container tpg-el-main-wrapper tpg-gutenberg clearfix\">\n\t\t\t\t<div class='tpg-header-wrapper'>\n\t\t\t\t\t\n        <div class=\"tpg-widget-heading-wrapper rt-clear heading-style4 \">\n            <span class=\"tpg-widget-heading-line line-left\"><\/span>\n            <h2 class='tpg-widget-heading'>\n                        <a href=\"#\"  target=&quot;_self&quot; >\n                \n                                    <span>\n\t\t\t\t\t\tVisi\u00f3n\t\t\t\t\t<\/span>\n                    \n                            <\/a>\n\n                    <\/h2>            <span class=\"tpg-widget-heading-line line-right\"><\/span>\n\n            \n        <\/div>\n\n        \n        \t\t\t\t<\/div>\n\t\t\t<\/div>\n\t\t<\/div>\n\t\t\n\n\n<p class=\"has-text-align-center\"><mark style=\"background-color:rgba(0, 0, 0, 0)\" class=\"has-inline-color has-black-color\">Instituci\u00f3n de Educaci\u00f3n Superior l\u00edder nacional e internacional en la formaci\u00f3n de Talentos Humanos de la Medicina Oriental Tradicional y Complementaria, con valores human\u00edsticos, capaces de innovar y contribuir a la soluci\u00f3n de problemas de salud f\u00edsica y mental de los sectores m\u00e1s vulnerables de la sociedad nicarag\u00fcense.<\/mark><\/p>\n<\/div>\n\n\n\n<div class=\"wp-block-column has-text-color has-background has-link-color wp-elements-743624363b4748b9a8fec47061a198f0 is-layout-flow wp-block-column-is-layout-flow\" style=\"color:#000000;background:linear-gradient(135deg,rgb(2,3,129) 0%,rgb(121,148,230) 48%,rgb(40,116,252) 100%);padding-top:2em;padding-right:2em;padding-bottom:2em;padding-left:2em\">\n<figure data-extenderx-entrance=\"{&quot;active&quot;:true,&quot;delay&quot;:{&quot;value&quot;:1004}}\" class=\"wp-block-image alignfull size-full extenderx-entrance\"><img loading=\"lazy\" decoding=\"async\" width=\"1152\" height=\"768\" src=\"https:\/\/umojn.edu.ni\/wp-content\/uploads\/2024\/03\/UMO-JN-FEB2024-206-de-361.jpg\" alt=\"\" class=\"wp-image-1401\"\/><\/figure>\n\n\n\t\t<div class=\"rttpg-block-postgrid rttpg-block-wrapper rttpg-block-0a389f section-title-style-style4 section-title-align-left\">\n\t\t\t<div class=\"rt-container-fluid rt-tpg-container tpg-el-main-wrapper tpg-gutenberg clearfix\">\n\t\t\t\t<div class='tpg-header-wrapper'>\n\t\t\t\t\t\n        <div class=\"tpg-widget-heading-wrapper rt-clear heading-style4 \">\n            <span class=\"tpg-widget-heading-line line-left\"><\/span>\n            <h2 class='tpg-widget-heading'>\n                        <a href=\"#\"  target=&quot;_self&quot; >\n                \n                                    <span>\n\t\t\t\t\t\tValores\t\t\t\t\t<\/span>\n                    \n                            <\/a>\n\n                    <\/h2>            <span class=\"tpg-widget-heading-line line-right\"><\/span>\n\n            \n        <\/div>\n\n        \n        \t\t\t\t<\/div>\n\t\t\t<\/div>\n\t\t<\/div>\n\t\t\n\n\n<ul class=\"wp-block-list\">\n<li>Compromiso social.<\/li>\n\n\n\n<li>Equidad.<\/li>\n\n\n\n<li>\u00c9tica.<\/li>\n\n\n\n<li>Inclusi\u00f3n.<\/li>\n\n\n\n<li>Respeto.<\/li>\n<\/ul>\n\n\n\t\t<div class=\"rttpg-block-postgrid rttpg-block-wrapper rttpg-block-27c965 section-title-style-style4 section-title-align-left\">\n\t\t\t<div class=\"rt-container-fluid rt-tpg-container tpg-el-main-wrapper tpg-gutenberg clearfix\">\n\t\t\t\t<div class='tpg-header-wrapper'>\n\t\t\t\t\t\n        <div class=\"tpg-widget-heading-wrapper rt-clear heading-style4 \">\n            <span class=\"tpg-widget-heading-line line-left\"><\/span>\n            <h2 class='tpg-widget-heading'>\n                        <a href=\"#\"  target=&quot;_self&quot; >\n                \n                                    <span>\n\t\t\t\t\t\tPrincipios\t\t\t\t\t<\/span>\n                    \n                            <\/a>\n\n                    <\/h2>            <span class=\"tpg-widget-heading-line line-right\"><\/span>\n\n            \n        <\/div>\n\n        \n        \t\t\t\t<\/div>\n\t\t\t<\/div>\n\t\t<\/div>\n\t\t\n\n\n<ul class=\"wp-block-list\">\n<li>Humanismo.<\/li>\n\n\n\n<li>Interculturalidad.<\/li>\n\n\n\n<li>Transparencia.<\/li>\n\n\n\n<li>Cientificidad.<\/li>\n\n\n\n<li>Solidaridad.<\/li>\n\n\n\n<li>Patriotismo.<\/li>\n\n\n\n<li>Integridad.<\/li>\n\n\n\n<li>Amor a la Madre Tierra.<\/li>\n<\/ul>\n<\/div>\n<\/div>\n\n\n\n<hr class=\"wp-block-separator has-text-color has-white-color has-alpha-channel-opacity has-white-background-color has-background\"\/>\n\n\n\n<div class=\"wp-block-columns alignwide is-layout-flex wp-container-core-columns-is-layout-829b1d53 wp-block-columns-is-layout-flex\" style=\"margin-bottom:0\">\n<div class=\"wp-block-column has-text-color has-background has-link-color wp-elements-a99d7c952b8d0ba8c33ff29e345e198a is-layout-flow wp-block-column-is-layout-flow\" style=\"color:#000000;background:linear-gradient(328deg,rgb(2,3,129) 0%,rgb(121,148,230) 22%,rgb(40,116,252) 100%);padding-top:2em;padding-right:2em;padding-bottom:2em;padding-left:2em\">\t\t<div class=\"rttpg-block-postgrid rttpg-block-wrapper rttpg-block-5e17f1 section-title-style-style4\">\n\t\t\t<div class=\"rt-container-fluid rt-tpg-container tpg-el-main-wrapper tpg-gutenberg clearfix\">\n\t\t\t\t<div class='tpg-header-wrapper'>\n\t\t\t\t\t\n        <div class=\"tpg-widget-heading-wrapper rt-clear heading-style4 \">\n            <span class=\"tpg-widget-heading-line line-left\"><\/span>\n            <h2 class='tpg-widget-heading'>\n                        <a href=\"#\"  target=&quot;_self&quot; >\n                \n                                    <span>\n\t\t\t\t\t\t\u00bfQui\u00e9nes somos?\t\t\t\t\t<\/span>\n                    \n                            <\/a>\n\n                    <\/h2>            <span class=\"tpg-widget-heading-line line-right\"><\/span>\n\n            \n        <\/div>\n\n        \n        \t\t\t\t<\/div>\n\t\t\t<\/div>\n\t\t<\/div>\n\t\t\n\n\n<p class=\"has-normal-font-size\">Somos una instituci\u00f3n de educaci\u00f3n superior sin fines de lucro, comprometida con la formaci\u00f3n integral de profesionales en el campo de la <strong>Medicina Oriental, Tradicional y Complementaria<\/strong>, con un enfoque humanista, cient\u00edfico e intercultural. Nos distinguimos por articular los saberes ancestrales y la medicina basada en evidencias, contribuyendo al bienestar f\u00edsico, mental y social de las personas, las familias y la comunidad nicarag\u00fcense.<\/p>\n\n\n\n<p class=\"has-normal-font-size\">Nuestro modelo educativo est\u00e1 centrado en el aprendizaje significativo, el protagonismo del estudiante y la mejora continua de la calidad acad\u00e9mica, en coherencia con los planes nacionales de educaci\u00f3n superior. Formamos talentos humanos \u00e9ticos, solidarios y socialmente comprometidos, capaces de responder a los desaf\u00edos de la salud desde una visi\u00f3n preventiva, curativa y rehabilitadora.<\/p>\n\n\n\n<p class=\"has-normal-font-size\">En la UMO-JN promovemos la inclusi\u00f3n, la equidad, la interculturalidad, el respeto a la diversidad y el amor a la Madre Tierra, fortaleciendo una cultura de paz y responsabilidad social.<\/p>\n\n\n\n<p class=\"has-normal-font-size\">Somos una universidad que integra docencia, investigaci\u00f3n y extensi\u00f3n universitaria, aportando soluciones reales a las necesidades del pa\u00eds y contribuyendo al desarrollo humano sostenible de Nicaragua.<\/p>\n\n\n\n<p class=\"has-text-align-center\" style=\"font-size:25px;font-style:normal;font-weight:900\">#<strong>SomosUmojn<\/strong><\/p>\n\n\n\n<div class=\"wp-block-buttons alignfull is-horizontal is-content-justification-center is-layout-flex wp-container-core-buttons-is-layout-499968f5 wp-block-buttons-is-layout-flex\"><\/div>\n<\/div>\n<\/div>\n\n\n\n<div class=\"wp-block-group alignfull\" style=\"margin-top:0;margin-bottom:0;padding-top:var(--wp--preset--spacing--50);padding-right:var(--wp--preset--spacing--50);padding-bottom:var(--wp--preset--spacing--50);padding-left:var(--wp--preset--spacing--50)\"><div class=\"wp-block-group__inner-container is-layout-constrained wp-container-core-group-is-layout-2bafd31c wp-block-group-is-layout-constrained\">\n<div class=\"wp-block-group is-vertical is-content-justification-center is-layout-flex wp-container-core-group-is-layout-4b2eccd6 wp-block-group-is-layout-flex\">\n<h2 class=\"wp-block-heading has-text-align-center has-xx-large-font-size\"><strong>Oferta Acad\u00e9mica<\/strong><\/h2>\n\n\n\n<div class=\"wp-block-columns alignwide is-layout-flex wp-container-core-columns-is-layout-d8280152 wp-block-columns-is-layout-flex\" style=\"padding-right:0;padding-left:0\">\n<div class=\"wp-block-column is-layout-flow wp-block-column-is-layout-flow\">\n<figure data-extenderx-entrance=\"{&quot;active&quot;:true,&quot;preset&quot;:&quot;zoomInRight&quot;}\" class=\"wp-block-image size-full is-style-rounded extenderx-entrance\"><img loading=\"lazy\" decoding=\"async\" width=\"1008\" height=\"756\" src=\"https:\/\/umojn.edu.ni\/wp-content\/uploads\/2025\/12\/582602966_1244954204327252_4897982837948607474_n.jpg\" alt=\"\" class=\"wp-image-2715\" style=\"aspect-ratio:1;object-fit:cover\"\/><\/figure>\n\n\n\n<div class=\"wp-block-group is-vertical is-content-justification-center is-nowrap is-layout-flex wp-container-core-group-is-layout-d7ec9006 wp-block-group-is-layout-flex\">\n<div class=\"wp-block-buttons is-layout-flex wp-block-buttons-is-layout-flex\">\n<div class=\"wp-block-button\"><a class=\"wp-block-button__link wp-element-button\" href=\"https:\/\/umojn.edu.ni\/index.php\/carreras\/\" target=\"_blank\" rel=\"noreferrer noopener\"><strong>CARRERAS<\/strong><\/a><\/div>\n<\/div>\n<\/div>\n<\/div>\n\n\n\n<div class=\"wp-block-column is-layout-flow wp-block-column-is-layout-flow\">\n<figure data-extenderx-entrance=\"{&quot;active&quot;:true,&quot;preset&quot;:&quot;zoomInRight&quot;,&quot;delay&quot;:{&quot;value&quot;:500}}\" class=\"wp-block-image size-full is-style-rounded extenderx-entrance\"><img loading=\"lazy\" decoding=\"async\" width=\"1200\" height=\"1600\" src=\"https:\/\/umojn.edu.ni\/wp-content\/uploads\/2025\/12\/588755568_1254646773357995_5832805877668607787_n.jpg\" alt=\"\" class=\"wp-image-2719\" style=\"aspect-ratio:1;object-fit:cover\"\/><\/figure>\n\n\n\n<div class=\"wp-block-group is-vertical is-content-justification-center is-nowrap is-layout-flex wp-container-core-group-is-layout-8aeacad7 wp-block-group-is-layout-flex\">\n<div class=\"wp-block-buttons is-layout-flex wp-block-buttons-is-layout-flex\">\n<div class=\"wp-block-button\"><a class=\"wp-block-button__link wp-element-button\" href=\"https:\/\/umojn.edu.ni\/index.php\/posgrados\/\" target=\"_blank\" rel=\"noreferrer noopener\"><strong>POSGRADOS<\/strong><\/a><\/div>\n<\/div>\n<\/div>\n<\/div>\n\n\n\n<div class=\"wp-block-column is-layout-flow wp-block-column-is-layout-flow\">\n<figure data-extenderx-entrance=\"{&quot;active&quot;:true,&quot;preset&quot;:&quot;zoomInRight&quot;,&quot;delay&quot;:{&quot;value&quot;:1000}}\" class=\"wp-block-image size-full is-style-rounded extenderx-entrance\"><img loading=\"lazy\" decoding=\"async\" width=\"1552\" height=\"898\" src=\"https:\/\/umojn.edu.ni\/wp-content\/uploads\/2024\/04\/WhatsApp-Image-2024-03-12-at-9.17.27-AM.jpeg\" alt=\"\" class=\"wp-image-1485\" style=\"aspect-ratio:1;object-fit:cover\"\/><\/figure>\n\n\n\n<div class=\"wp-block-group is-vertical is-content-justification-center is-nowrap is-layout-flex wp-container-core-group-is-layout-8aeacad7 wp-block-group-is-layout-flex\">\n<div class=\"wp-block-buttons is-layout-flex wp-block-buttons-is-layout-flex\">\n<div class=\"wp-block-button\"><a class=\"wp-block-button__link wp-element-button\" href=\"https:\/\/umojn.edu.ni\/index.php\/cursos\/\" target=\"_blank\" rel=\"noreferrer noopener\"><strong>CURSOS LIBRES<\/strong><\/a><\/div>\n<\/div>\n<\/div>\n<\/div>\n<\/div>\n<\/div>\n<\/div><\/div>\n\n\n\n\n\n\n<p><\/p>\n","protected":false},"excerpt":{"rendered":"<p>&#8220;Excelencia Acad\u00e9mica con Esp\u00edritu Humanista&#8221; La UMO-JN es una Instituci\u00f3n de Educaci\u00f3n Superior sin fines de lucro, dedicada a formar profesionales multidisciplinarios del campo de la Medicina Oriental Tradicional y Complementaria, con un cuerpo m\u00e9dico y docente altamente calificado y especializado; con base en una filosof\u00eda humanista y no discriminatoria, garantizando una educaci\u00f3n de calidad, [&hellip;]<\/p>\n","protected":false},"author":1,"featured_media":0,"parent":0,"menu_order":0,"comment_status":"closed","ping_status":"closed","template":"","meta":{"footnotes":""},"class_list":["post-41","page","type-page","status-publish","hentry"],"rttpg_featured_image_url":null,"rttpg_author":{"display_name":"Administrador UMO-JN","author_link":"https:\/\/umojn.edu.ni\/index.php\/author\/wpadmin\/"},"rttpg_comment":0,"rttpg_category":null,"rttpg_excerpt":"&#8220;Excelencia Acad\u00e9mica con Esp\u00edritu Humanista&#8221; La UMO-JN es una Instituci\u00f3n de Educaci\u00f3n Superior sin fines de lucro, dedicada a formar profesionales multidisciplinarios del campo de la Medicina Oriental Tradicional y Complementaria, con un cuerpo m\u00e9dico y docente altamente calificado y especializado; con base en una filosof\u00eda humanista y no discriminatoria, garantizando una educaci\u00f3n de calidad,&hellip;","_links":{"self":[{"href":"https:\/\/umojn.edu.ni\/index.php\/wp-json\/wp\/v2\/pages\/41","targetHints":{"allow":["GET"]}}],"collection":[{"href":"https:\/\/umojn.edu.ni\/index.php\/wp-json\/wp\/v2\/pages"}],"about":[{"href":"https:\/\/umojn.edu.ni\/index.php\/wp-json\/wp\/v2\/types\/page"}],"author":[{"embeddable":true,"href":"https:\/\/umojn.edu.ni\/index.php\/wp-json\/wp\/v2\/users\/1"}],"replies":[{"embeddable":true,"href":"https:\/\/umojn.edu.ni\/index.php\/wp-json\/wp\/v2\/comments?post=41"}],"version-history":[{"count":141,"href":"https:\/\/umojn.edu.ni\/index.php\/wp-json\/wp\/v2\/pages\/41\/revisions"}],"predecessor-version":[{"id":3190,"href":"https:\/\/umojn.edu.ni\/index.php\/wp-json\/wp\/v2\/pages\/41\/revisions\/3190"}],"wp:attachment":[{"href":"https:\/\/umojn.edu.ni\/index.php\/wp-json\/wp\/v2\/media?parent=41"}],"curies":[{"name":"wp","href":"https:\/\/api.w.org\/{rel}","templated":true}]}}