{"id":351,"date":"2023-11-23T15:44:29","date_gmt":"2023-11-23T21:44:29","guid":{"rendered":"http:\/\/umojn.edu.ni\/?page_id=351"},"modified":"2026-01-13T21:27:31","modified_gmt":"2026-01-14T03:27:31","slug":"maestria-en-medicina-tradicional-y-complementaria","status":"publish","type":"page","link":"https:\/\/umojn.edu.ni\/index.php\/maestria-en-medicina-tradicional-y-complementaria\/","title":{"rendered":"Maestr\u00eda en Medicina Tradicional y Complementaria"},"content":{"rendered":"\n<h2 class=\"wp-block-heading\"><strong>MAESTR\u00cdA EN MEDICINA TRADICIONAL Y COMPLEMENTARIA<\/strong><\/h2>\n\n\n\n<p>El programa de Maestr\u00eda est\u00e1 dise\u00f1ado para profesionales interesados en el estudio de la Medicina Tradicional y las terapias Complementaria, con el prop\u00f3sito de aplicar los fundamentos te\u00f3ricos y metodol\u00f3gicos de las diferentes modalidades terap\u00e9uticas y del m\u00e9todo cient\u00edfico a los problemas de salud, elevando el nivel de competencia y desempe\u00f1o.<\/p>\n\n\n\n<h3 class=\"wp-block-heading\"><strong>1. DATOS GENERALES<\/strong>:<\/h3>\n\n\n\n<div class=\"wp-block-columns is-layout-flex wp-container-core-columns-is-layout-9d6595d7 wp-block-columns-is-layout-flex\">\n<div class=\"wp-block-column is-layout-flow wp-block-column-is-layout-flow\">\n<p><strong>T\u00edtulo:<mark style=\"background-color:rgba(0, 0, 0, 0)\" class=\"has-inline-color has-black-color\">&nbsp;Master en Medicina Tradicional y Complementaria.<\/mark><\/strong><\/p>\n\n\n\n<p><strong>Total de horas acad\u00e9micas:<\/strong>&nbsp;2368<\/p>\n\n\n\n<p><strong>Cr\u00e9ditos acad\u00e9micos:<\/strong>&nbsp;54.5<\/p>\n\n\n\n<p><strong>Turno:<\/strong>&nbsp;Sabatino o Dominical.<\/p>\n\n\n\n<p><strong>R\u00e9gimen acad\u00e9mico:<\/strong>&nbsp;Semestral.<\/p>\n\n\n\n<p><strong>Modalidad:<\/strong>&nbsp;Presencial, por encuentro<\/p>\n\n\n\n<p><strong>Duraci\u00f3n:<\/strong>&nbsp;24 meses.<\/p>\n\n\n\n<p><strong>Fecha de Inicio<\/strong>:&nbsp; <\/p>\n\n\n\n<ul class=\"wp-block-list\">\n<li>S\u00e1bado 7 de febrero del 2026<\/li>\n\n\n\n<li>Domingo 8 de febrero del 2026<\/li>\n<\/ul>\n<\/div>\n\n\n\n<div class=\"wp-block-column is-layout-flow wp-block-column-is-layout-flow\">\n<figure class=\"wp-block-image size-full\"><img loading=\"lazy\" decoding=\"async\" width=\"600\" height=\"400\" src=\"https:\/\/umojn.edu.ni\/wp-content\/uploads\/2023\/12\/Maestriaweb.jpg\" alt=\"\" class=\"wp-image-793\"\/><\/figure>\n\n\n\n<figure class=\"wp-block-image size-full\"><img loading=\"lazy\" decoding=\"async\" width=\"481\" height=\"322\" src=\"https:\/\/umojn.edu.ni\/wp-content\/uploads\/2026\/01\/1.png\" alt=\"\" class=\"wp-image-2829\"\/><\/figure>\n<\/div>\n<\/div>\n\n\n\n<h3 class=\"wp-block-heading\"><strong>2. <strong>REQUISITOS DE INGRESO:<\/strong><\/strong><\/h3>\n\n\n\n<ul class=\"wp-block-list\">\n<li>Grado de licenciatura<\/li>\n\n\n\n<li>Fotocopia de T\u00edtulo Universitario<\/li>\n\n\n\n<li>Fotocopia de c\u00e9dula<\/li>\n\n\n\n<li>Certificados de notas de la Licenciatura<\/li>\n\n\n\n<li>Curriculum Vitae<\/li>\n\n\n\n<li>Fotograf\u00eda tama\u00f1o carnet.<\/li>\n\n\n\n<li>Llenar formato de matr\u00edcula<\/li>\n\n\n\n<li>Pagos de aranceles correspondientes<\/li>\n<\/ul>\n\n\n<div class=\"wp-block-image\">\n<figure class=\"aligncenter size-full is-resized\"><img loading=\"lazy\" decoding=\"async\" width=\"1131\" height=\"1600\" src=\"https:\/\/umojn.edu.ni\/wp-content\/uploads\/2026\/01\/PLAN-DE-ESTUDIO-MAESTRIA.jpeg\" alt=\"\" class=\"wp-image-2824\" style=\"aspect-ratio:0.7068847630568559;width:506px;height:auto\"\/><\/figure>\n<\/div>","protected":false},"excerpt":{"rendered":"<p>MAESTR\u00cdA EN MEDICINA TRADICIONAL Y COMPLEMENTARIA El programa de Maestr\u00eda est\u00e1 dise\u00f1ado para profesionales interesados en el estudio de la Medicina Tradicional y las terapias Complementaria, con el prop\u00f3sito de aplicar los fundamentos te\u00f3ricos y metodol\u00f3gicos de las diferentes modalidades terap\u00e9uticas y del m\u00e9todo cient\u00edfico a los problemas de salud, elevando el nivel de competencia [&hellip;]<\/p>\n","protected":false},"author":1,"featured_media":0,"parent":0,"menu_order":0,"comment_status":"closed","ping_status":"closed","template":"","meta":{"footnotes":""},"class_list":["post-351","page","type-page","status-publish","hentry"],"rttpg_featured_image_url":null,"rttpg_author":{"display_name":"Administrador UMO-JN","author_link":"https:\/\/umojn.edu.ni\/index.php\/author\/wpadmin\/"},"rttpg_comment":0,"rttpg_category":null,"rttpg_excerpt":"MAESTR\u00cdA EN MEDICINA TRADICIONAL Y COMPLEMENTARIA El programa de Maestr\u00eda est\u00e1 dise\u00f1ado para profesionales interesados en el estudio de la Medicina Tradicional y las terapias Complementaria, con el prop\u00f3sito de aplicar los fundamentos te\u00f3ricos y metodol\u00f3gicos de las diferentes modalidades terap\u00e9uticas y del m\u00e9todo cient\u00edfico a los problemas de salud, elevando el nivel de competencia&hellip;","_links":{"self":[{"href":"https:\/\/umojn.edu.ni\/index.php\/wp-json\/wp\/v2\/pages\/351","targetHints":{"allow":["GET"]}}],"collection":[{"href":"https:\/\/umojn.edu.ni\/index.php\/wp-json\/wp\/v2\/pages"}],"about":[{"href":"https:\/\/umojn.edu.ni\/index.php\/wp-json\/wp\/v2\/types\/page"}],"author":[{"embeddable":true,"href":"https:\/\/umojn.edu.ni\/index.php\/wp-json\/wp\/v2\/users\/1"}],"replies":[{"embeddable":true,"href":"https:\/\/umojn.edu.ni\/index.php\/wp-json\/wp\/v2\/comments?post=351"}],"version-history":[{"count":13,"href":"https:\/\/umojn.edu.ni\/index.php\/wp-json\/wp\/v2\/pages\/351\/revisions"}],"predecessor-version":[{"id":2835,"href":"https:\/\/umojn.edu.ni\/index.php\/wp-json\/wp\/v2\/pages\/351\/revisions\/2835"}],"wp:attachment":[{"href":"https:\/\/umojn.edu.ni\/index.php\/wp-json\/wp\/v2\/media?parent=351"}],"curies":[{"name":"wp","href":"https:\/\/api.w.org\/{rel}","templated":true}]}}