{"id":337,"date":"2023-11-23T22:35:29","date_gmt":"2023-11-23T21:35:29","guid":{"rendered":"http:\/\/umojn.edu.ni\/?page_id=337"},"modified":"2025-05-17T10:17:26","modified_gmt":"2025-05-17T16:17:26","slug":"elaboracion-de-jabones-artesanales-con-fines-medicinales","status":"publish","type":"page","link":"https:\/\/umojn.edu.ni\/index.php\/elaboracion-de-jabones-artesanales-con-fines-medicinales\/","title":{"rendered":"Elaboraci\u00f3n de Jabones Artesanales con Fines Medicinales"},"content":{"rendered":"\n<p>Los participantes en el curso de elaboraci\u00f3n de jabones artesanales ser\u00e1n capaces de reconocer los principios activos de las plantas medicinales que contienen propiedades cicatrizantes, antis\u00e9pticas, antibacterianas, refrescantes y tonificantes que contribuyen al cuidado de la piel, lo que le servir\u00e1 para proceder a la elaboraci\u00f3n, verificaci\u00f3n y empaque del producto.<\/p>\n\n\n\n<ul class=\"wp-block-list\">\n<li><\/li>\n<\/ul>\n\n\n\n<div class=\"wp-block-columns is-layout-flex wp-container-core-columns-is-layout-9d6595d7 wp-block-columns-is-layout-flex\">\n<div class=\"wp-block-column is-layout-flow wp-block-column-is-layout-flow\"><div class=\"wp-block-image\">\n<figure class=\"aligncenter size-full is-resized\"><img loading=\"lazy\" decoding=\"async\" width=\"1503\" height=\"1056\" src=\"https:\/\/umojn.edu.ni\/wp-content\/uploads\/2023\/11\/WhatsApp-Image-2023-11-10-at-1.38.14-PM-1-2.jpeg\" alt=\"\" class=\"wp-image-489\" style=\"width:367px;height:auto\"\/><\/figure>\n<\/div><\/div>\n\n\n\n<div class=\"wp-block-column is-layout-flow wp-block-column-is-layout-flow\"><div class=\"wp-block-image\">\n<figure class=\"aligncenter size-full\"><img loading=\"lazy\" decoding=\"async\" width=\"1600\" height=\"720\" src=\"https:\/\/umojn.edu.ni\/wp-content\/uploads\/2023\/11\/WhatsApp-Image-2023-11-10-at-1.38.13-PM-1.jpeg\" alt=\"\" class=\"wp-image-487\"\/><\/figure>\n<\/div><\/div>\n<\/div>\n","protected":false},"excerpt":{"rendered":"<p>Los participantes en el curso de elaboraci\u00f3n de jabones artesanales ser\u00e1n capaces de reconocer los principios activos de las plantas medicinales que contienen propiedades cicatrizantes, antis\u00e9pticas, antibacterianas, refrescantes y tonificantes que contribuyen al cuidado de la piel, lo que le servir\u00e1 para proceder a la elaboraci\u00f3n, verificaci\u00f3n y empaque del producto.<\/p>\n","protected":false},"author":1,"featured_media":0,"parent":0,"menu_order":0,"comment_status":"closed","ping_status":"closed","template":"","meta":{"footnotes":""},"class_list":["post-337","page","type-page","status-publish","hentry"],"rttpg_featured_image_url":null,"rttpg_author":{"display_name":"Administrador UMO-JN","author_link":"https:\/\/umojn.edu.ni\/index.php\/author\/wpadmin\/"},"rttpg_comment":0,"rttpg_category":null,"rttpg_excerpt":"Los participantes en el curso de elaboraci\u00f3n de jabones artesanales ser\u00e1n capaces de reconocer los principios activos de las plantas medicinales que contienen propiedades cicatrizantes, antis\u00e9pticas, antibacterianas, refrescantes y tonificantes que contribuyen al cuidado de la piel, lo que le servir\u00e1 para proceder a la elaboraci\u00f3n, verificaci\u00f3n y empaque del producto.","_links":{"self":[{"href":"https:\/\/umojn.edu.ni\/index.php\/wp-json\/wp\/v2\/pages\/337","targetHints":{"allow":["GET"]}}],"collection":[{"href":"https:\/\/umojn.edu.ni\/index.php\/wp-json\/wp\/v2\/pages"}],"about":[{"href":"https:\/\/umojn.edu.ni\/index.php\/wp-json\/wp\/v2\/types\/page"}],"author":[{"embeddable":true,"href":"https:\/\/umojn.edu.ni\/index.php\/wp-json\/wp\/v2\/users\/1"}],"replies":[{"embeddable":true,"href":"https:\/\/umojn.edu.ni\/index.php\/wp-json\/wp\/v2\/comments?post=337"}],"version-history":[{"count":5,"href":"https:\/\/umojn.edu.ni\/index.php\/wp-json\/wp\/v2\/pages\/337\/revisions"}],"predecessor-version":[{"id":2240,"href":"https:\/\/umojn.edu.ni\/index.php\/wp-json\/wp\/v2\/pages\/337\/revisions\/2240"}],"wp:attachment":[{"href":"https:\/\/umojn.edu.ni\/index.php\/wp-json\/wp\/v2\/media?parent=337"}],"curies":[{"name":"wp","href":"https:\/\/api.w.org\/{rel}","templated":true}]}}