{"id":331,"date":"2023-11-23T22:34:43","date_gmt":"2023-11-23T21:34:43","guid":{"rendered":"http:\/\/umojn.edu.ni\/?page_id=331"},"modified":"2023-11-25T08:48:14","modified_gmt":"2023-11-25T14:48:14","slug":"fitoterapia-y-preparados-herbales","status":"publish","type":"page","link":"https:\/\/umojn.edu.ni\/index.php\/fitoterapia-y-preparados-herbales\/","title":{"rendered":"Fitoterapia y preparados herbales"},"content":{"rendered":"\n<h2 class=\"wp-block-heading\"><strong>Fitoterapia y preparados herbales<\/strong><\/h2>\n\n\n\n<ul class=\"wp-block-list\">\n<li>Es el uso de productos de origen vegetal para la prevenci\u00f3n, la curaci\u00f3n o el alivio de una amplia variedad de s\u00edntomas y enfermedades. Forma parte de las llamadas terapias naturales.<\/li>\n\n\n\n<li>El consumo de plantas medicinales ha ido en aumento en los \u00faltimos a\u00f1os en todo el mundo y es frecuente su empleo en combinaci\u00f3n con medicamentos prescritos por los m\u00e9dicos.<\/li>\n<\/ul>\n\n\n\n<figure class=\"wp-block-image size-full is-resized\"><img loading=\"lazy\" decoding=\"async\" width=\"1280\" height=\"720\" src=\"https:\/\/umojn.edu.ni\/wp-content\/uploads\/2023\/11\/WhatsApp-Image-2023-06-17-at-6.32.52-PM.jpeg\" alt=\"\" class=\"wp-image-473\" style=\"width:515px;height:auto\"\/><\/figure>\n\n\n\n<figure class=\"wp-block-image size-full is-resized\"><img loading=\"lazy\" decoding=\"async\" width=\"1280\" height=\"1177\" src=\"https:\/\/umojn.edu.ni\/wp-content\/uploads\/2023\/11\/467eb4ce-0bb7-4b26-91f9-913f603948ad.jpg\" alt=\"\" class=\"wp-image-474\" style=\"width:515px;height:auto\"\/><\/figure>\n","protected":false},"excerpt":{"rendered":"<p>Fitoterapia y preparados herbales<\/p>\n","protected":false},"author":1,"featured_media":0,"parent":0,"menu_order":0,"comment_status":"closed","ping_status":"closed","template":"","meta":{"footnotes":""},"class_list":["post-331","page","type-page","status-publish","hentry"],"rttpg_featured_image_url":null,"rttpg_author":{"display_name":"Administrador UMO-JN","author_link":"https:\/\/umojn.edu.ni\/index.php\/author\/wpadmin\/"},"rttpg_comment":0,"rttpg_category":null,"rttpg_excerpt":"Fitoterapia y preparados herbales","_links":{"self":[{"href":"https:\/\/umojn.edu.ni\/index.php\/wp-json\/wp\/v2\/pages\/331","targetHints":{"allow":["GET"]}}],"collection":[{"href":"https:\/\/umojn.edu.ni\/index.php\/wp-json\/wp\/v2\/pages"}],"about":[{"href":"https:\/\/umojn.edu.ni\/index.php\/wp-json\/wp\/v2\/types\/page"}],"author":[{"embeddable":true,"href":"https:\/\/umojn.edu.ni\/index.php\/wp-json\/wp\/v2\/users\/1"}],"replies":[{"embeddable":true,"href":"https:\/\/umojn.edu.ni\/index.php\/wp-json\/wp\/v2\/comments?post=331"}],"version-history":[{"count":6,"href":"https:\/\/umojn.edu.ni\/index.php\/wp-json\/wp\/v2\/pages\/331\/revisions"}],"predecessor-version":[{"id":561,"href":"https:\/\/umojn.edu.ni\/index.php\/wp-json\/wp\/v2\/pages\/331\/revisions\/561"}],"wp:attachment":[{"href":"https:\/\/umojn.edu.ni\/index.php\/wp-json\/wp\/v2\/media?parent=331"}],"curies":[{"name":"wp","href":"https:\/\/api.w.org\/{rel}","templated":true}]}}