{"id":2592,"date":"2025-10-06T16:50:04","date_gmt":"2025-10-06T22:50:04","guid":{"rendered":"https:\/\/umojn.edu.ni\/?page_id=2592"},"modified":"2025-12-24T15:57:11","modified_gmt":"2025-12-24T21:57:11","slug":"licenciatura-en-enfermeria-con-mencion-en-medicina-tradicional-y-complementaria","status":"publish","type":"page","link":"https:\/\/umojn.edu.ni\/index.php\/carreras\/licenciatura-en-enfermeria-con-mencion-en-medicina-tradicional-y-complementaria\/","title":{"rendered":"Enfermer\u00eda con menci\u00f3n en Medicina Tradicional y Complementaria"},"content":{"rendered":"\n\n\n<h3 class=\"wp-block-heading\">1. DATOS GENERALES<\/h3>\n\n\n\n<ul class=\"wp-block-list\">\n<li><strong>Nombre de la carrera:<\/strong>\u00a0<strong>Licenciatura en Enfermer\u00eda con menci\u00f3n en Medicina Tradicional y Complementaria.<\/strong><\/li>\n\n\n\n<li><strong>Grado a obtener:<\/strong>\u00a0Licenciado(a).<\/li>\n\n\n\n<li><strong>Duraci\u00f3n de la Carrera:<\/strong> 4 a\u00f1os<\/li>\n\n\n\n<li><strong>T\u00edtulo:<\/strong> Enfermer\u00eda con menci\u00f3n en Medicina Tradicional y Complementaria.<\/li>\n\n\n\n<li><strong>R\u00e9gimen Acad\u00e9mico:<\/strong>\u00a0Semestral.<\/li>\n\n\n\n<li><strong>Turno:<\/strong>\u00a0Diurno y Sabatino.<\/li>\n\n\n\n<li><strong>Sede:<\/strong>\u00a0Managua.<\/li>\n\n\n\n<li><strong>Modalidad:<\/strong>\u00a0Presencial y por encuentro.<\/li>\n\n\n\n<li><strong>Matr\u00edcula:<\/strong>&nbsp;C$ 1,000.00<\/li>\n\n\n\n<li><strong>Mensualidad:<\/strong>\u00a0C$ 2,200.00<\/li>\n<\/ul>\n\n\n\n<hr class=\"wp-block-separator has-alpha-channel-opacity\"\/>\n\n\n\n<h3 class=\"wp-block-heading\">2. PERFIL PROFESIONAL<\/h3>\n\n\n\n<p>Brinda atenci\u00f3n de enfermer\u00eda con un enfoque hol\u00edstico hacia la soluci\u00f3n de problemas de salud del individuo, la familia y la comunidad, durante las etapas de vida, que fomenten el autocuidado y su adaptaci\u00f3n funcional al proceso salud-enfermedad.<\/p>\n\n\n\n<p>Planifica y gestiona la atenci\u00f3n de pacientes, incluyendo la supervisi\u00f3n de otros trabajadores de salud que laboran de forma aut\u00f3noma o en equipo con personal m\u00e9dico en la aplicaci\u00f3n pr\u00e1ctica de las medidas preventivas y curativas.<\/p>\n\n\n\n<p>Planea y participa en los programas de educaci\u00f3n sanitaria, promoci\u00f3n de la salud y actividades de educaci\u00f3n permanente en enfermer\u00eda en cl\u00ednicas, hospitales y centros comunitarios.<\/p>\n\n\n\n<p>Participa en equipos de investigaci\u00f3n en los \u00e1mbitos de la atenci\u00f3n integral de enfermer\u00eda.<\/p>\n\n\n\n<hr class=\"wp-block-separator has-alpha-channel-opacity\"\/>\n\n\n\n<h3 class=\"wp-block-heading\">3. REQUISITOS DE INGRESO<\/h3>\n\n\n\n<ul class=\"wp-block-list\">\n<li>Diploma de bachiller original y fotocopia<\/li>\n\n\n\n<li>Certificado de notas de 4to y 5to a\u00f1o original.<\/li>\n\n\n\n<li>Partida de nacimiento y c\u00e9dula de identidad, original y copia.<\/li>\n\n\n\n<li>Una fotograf\u00eda tama\u00f1o carn\u00e9.<\/li>\n\n\n\n<li>Pagar los aranceles correspondientes.<\/li>\n\n\n\n<li>Llenar formato de matr\u00edcula de la carrera<\/li>\n<\/ul>\n\n\n\n<hr class=\"wp-block-separator has-alpha-channel-opacity\"\/>\n\n\n<div class=\"wp-block-image\">\n<figure class=\"aligncenter size-full is-resized\"><img loading=\"lazy\" decoding=\"async\" width=\"960\" height=\"1600\" src=\"https:\/\/umojn.edu.ni\/wp-content\/uploads\/2025\/12\/PLAN-ESTUDIO-ENFERMERIA.jpeg\" alt=\"\" class=\"wp-image-2707\" style=\"width:600px;height:auto\"\/><\/figure>\n<\/div>\n\n<div class=\"wp-block-image\">\n<figure class=\"aligncenter size-full is-resized\"><img loading=\"lazy\" decoding=\"async\" width=\"1080\" height=\"1080\" src=\"https:\/\/umojn.edu.ni\/wp-content\/uploads\/2025\/10\/Type-3.png\" alt=\"\" class=\"wp-image-2641\" style=\"width:551px;height:auto\"\/><\/figure>\n<\/div>","protected":false},"excerpt":{"rendered":"<p>1. DATOS GENERALES 2. PERFIL PROFESIONAL Brinda atenci\u00f3n de enfermer\u00eda con un enfoque hol\u00edstico hacia la soluci\u00f3n de problemas de salud del individuo, la familia y la comunidad, durante las etapas de vida, que fomenten el autocuidado y su adaptaci\u00f3n funcional al proceso salud-enfermedad. Planifica y gestiona la atenci\u00f3n de pacientes, incluyendo la supervisi\u00f3n de [&hellip;]<\/p>\n","protected":false},"author":1,"featured_media":0,"parent":43,"menu_order":0,"comment_status":"closed","ping_status":"closed","template":"","meta":{"footnotes":""},"class_list":["post-2592","page","type-page","status-publish","hentry"],"rttpg_featured_image_url":null,"rttpg_author":{"display_name":"Administrador UMO-JN","author_link":"https:\/\/umojn.edu.ni\/index.php\/author\/wpadmin\/"},"rttpg_comment":0,"rttpg_category":null,"rttpg_excerpt":"1. DATOS GENERALES 2. PERFIL PROFESIONAL Brinda atenci\u00f3n de enfermer\u00eda con un enfoque hol\u00edstico hacia la soluci\u00f3n de problemas de salud del individuo, la familia y la comunidad, durante las etapas de vida, que fomenten el autocuidado y su adaptaci\u00f3n funcional al proceso salud-enfermedad. Planifica y gestiona la atenci\u00f3n de pacientes, incluyendo la supervisi\u00f3n de&hellip;","_links":{"self":[{"href":"https:\/\/umojn.edu.ni\/index.php\/wp-json\/wp\/v2\/pages\/2592","targetHints":{"allow":["GET"]}}],"collection":[{"href":"https:\/\/umojn.edu.ni\/index.php\/wp-json\/wp\/v2\/pages"}],"about":[{"href":"https:\/\/umojn.edu.ni\/index.php\/wp-json\/wp\/v2\/types\/page"}],"author":[{"embeddable":true,"href":"https:\/\/umojn.edu.ni\/index.php\/wp-json\/wp\/v2\/users\/1"}],"replies":[{"embeddable":true,"href":"https:\/\/umojn.edu.ni\/index.php\/wp-json\/wp\/v2\/comments?post=2592"}],"version-history":[{"count":9,"href":"https:\/\/umojn.edu.ni\/index.php\/wp-json\/wp\/v2\/pages\/2592\/revisions"}],"predecessor-version":[{"id":2779,"href":"https:\/\/umojn.edu.ni\/index.php\/wp-json\/wp\/v2\/pages\/2592\/revisions\/2779"}],"up":[{"embeddable":true,"href":"https:\/\/umojn.edu.ni\/index.php\/wp-json\/wp\/v2\/pages\/43"}],"wp:attachment":[{"href":"https:\/\/umojn.edu.ni\/index.php\/wp-json\/wp\/v2\/media?parent=2592"}],"curies":[{"name":"wp","href":"https:\/\/api.w.org\/{rel}","templated":true}]}}