{"id":226,"date":"2023-11-23T17:53:53","date_gmt":"2023-11-23T16:53:53","guid":{"rendered":"http:\/\/umojn.edu.ni\/?page_id=226"},"modified":"2025-12-24T15:19:21","modified_gmt":"2025-12-24T21:19:21","slug":"psicologia-clinica-con-mencion-en-medicina-oriental","status":"publish","type":"page","link":"https:\/\/umojn.edu.ni\/index.php\/carreras\/psicologia-clinica-con-mencion-en-medicina-oriental\/","title":{"rendered":"Psicolog\u00eda con menci\u00f3n en Medicina Oriental"},"content":{"rendered":"\n\n<div class=\"wp-block-image\">\n<figure class=\"alignleft size-full is-resized\"><img loading=\"lazy\" decoding=\"async\" width=\"224\" height=\"225\" src=\"https:\/\/umojn.edu.ni\/wp-content\/uploads\/2024\/06\/Logo-Psicologia-Clinica-sin-fondo.png\" alt=\"\" class=\"wp-image-1568\" style=\"aspect-ratio:0.9956472674512332;width:97px;height:auto\"\/><\/figure>\n<\/div>\n\n\n<p><mark style=\"background-color:rgba(0, 0, 0, 0)\" class=\"has-inline-color has-black-color\"><strong>Misi\u00f3n de la carrera:<\/strong><\/mark><\/p>\n\n\n\n<p>Formar profesionales con esp\u00edritu cr\u00edtico, cient\u00edfico, investigativo, \u00e9tico y humanista, capaces de dar respuestas a situaciones relacionadas con la salud mental, integrando paradigmas de la Psicolog\u00eda occidental y la Medicina Oriental, que contribuyan al bienestar biopsicosocial de la poblaci\u00f3n nicarag\u00fcense.<\/p>\n\n\n\n<hr class=\"wp-block-separator has-alpha-channel-opacity\"\/>\n\n\n\n<h3 class=\"wp-block-heading\">1. DATOS GENERALES<\/h3>\n\n\n\n<ul class=\"wp-block-list\">\n<li><strong>Nombre de la carrera:<\/strong>\u00a0<strong><mark style=\"background-color:rgba(0, 0, 0, 0)\" class=\"has-inline-color has-black-color\">Licenciatura en Psicolog\u00eda con menci\u00f3n en Medicina Oriental.<\/mark><\/strong><\/li>\n\n\n\n<li><strong>T\u00edtulo:<\/strong>\u00a0Licenciado(a) en Psicolog\u00eda con menci\u00f3n en Medicina Oriental.<\/li>\n\n\n\n<li><strong>Duraci\u00f3n de la Carrera:<\/strong> 4 a\u00f1os<\/li>\n\n\n\n<li><strong>R\u00e9gimen Acad\u00e9mico:<\/strong>\u00a0Semestral.<\/li>\n\n\n\n<li><strong>Turno:<\/strong>\u00a0Regular y Sabatino.<\/li>\n\n\n\n<li><strong>Sede:<\/strong>\u00a0Managua.<\/li>\n\n\n\n<li><strong>Modalidad:<\/strong>\u00a0Presencial.<\/li>\n\n\n\n<li><strong>Matr\u00edcula Anual<\/strong>: C$ 1,000.00<\/li>\n\n\n\n<li><strong>Mensualidad<\/strong>:  C$ 2,200.00<\/li>\n<\/ul>\n\n\n\n<hr class=\"wp-block-separator has-alpha-channel-opacity\"\/>\n\n\n\n<h3 class=\"wp-block-heading\">2. PERFIL PROFESIONAL<\/h3>\n\n\n\n<p class=\"has-text-align-left\">El graduado (a) de la Licenciatura en Psicolog\u00eda con menci\u00f3n en Medicina Oriental, posee un perfil profesional, basado en los cimientos cient\u00edficos, \u00e9ticos, actitudes y valores humanistas, formados desde su ingreso y consolidados a lo largo de la carrera, permiti\u00e9ndole una vez concluido este proceso, adaptarse y ejercer apropiadamente en los siguientes campos laborales de la Psicolog\u00eda; cl\u00ednico, educativo, laboral y socio comunitario con visi\u00f3n complementaria en la Medicina Oriental.<\/p>\n\n\n\n<hr class=\"wp-block-separator has-alpha-channel-opacity\"\/>\n\n\n\n<h3 class=\"wp-block-heading\">3. REQUISITOS DE INGRESO<\/h3>\n\n\n\n<ul class=\"wp-block-list\">\n<li>Presentar original y fotocopia del diploma de bachiller. <\/li>\n\n\n\n<li>Certificado de notas de 4to y 5to a\u00f1o original.<\/li>\n\n\n\n<li>Partida de nacimiento y c\u00e9dula de identidad, presentar original y copia.<\/li>\n\n\n\n<li>Una fotograf\u00eda tama\u00f1o carn\u00e9.<\/li>\n\n\n\n<li>Pagar los aranceles correspondientes.<\/li>\n\n\n\n<li>Llenar formato de matr\u00edcula en la carrera.<\/li>\n<\/ul>\n\n\n\n<hr class=\"wp-block-separator has-alpha-channel-opacity\"\/>\n\n\n<div class=\"wp-block-image\">\n<figure class=\"aligncenter size-full is-resized\"><img loading=\"lazy\" decoding=\"async\" width=\"840\" height=\"1280\" src=\"https:\/\/umojn.edu.ni\/wp-content\/uploads\/2025\/12\/PLAN-ESTUDIO-PSICOLOGIA.jpeg\" alt=\"\" class=\"wp-image-2706\" style=\"aspect-ratio:0.6562770562770562;width:486px;height:auto\"\/><\/figure>\n<\/div>","protected":false},"excerpt":{"rendered":"<p>Misi\u00f3n de la carrera: Formar profesionales con esp\u00edritu cr\u00edtico, cient\u00edfico, investigativo, \u00e9tico y humanista, capaces de dar respuestas a situaciones relacionadas con la salud mental, integrando paradigmas de la Psicolog\u00eda occidental y la Medicina Oriental, que contribuyan al bienestar biopsicosocial de la poblaci\u00f3n nicarag\u00fcense. 1. DATOS GENERALES 2. PERFIL PROFESIONAL El graduado (a) de la [&hellip;]<\/p>\n","protected":false},"author":1,"featured_media":0,"parent":43,"menu_order":1,"comment_status":"closed","ping_status":"closed","template":"","meta":{"footnotes":""},"class_list":["post-226","page","type-page","status-publish","hentry"],"rttpg_featured_image_url":null,"rttpg_author":{"display_name":"Administrador UMO-JN","author_link":"https:\/\/umojn.edu.ni\/index.php\/author\/wpadmin\/"},"rttpg_comment":0,"rttpg_category":null,"rttpg_excerpt":"Misi\u00f3n de la carrera: Formar profesionales con esp\u00edritu cr\u00edtico, cient\u00edfico, investigativo, \u00e9tico y humanista, capaces de dar respuestas a situaciones relacionadas con la salud mental, integrando paradigmas de la Psicolog\u00eda occidental y la Medicina Oriental, que contribuyan al bienestar biopsicosocial de la poblaci\u00f3n nicarag\u00fcense. 1. DATOS GENERALES 2. PERFIL PROFESIONAL El graduado (a) de la&hellip;","_links":{"self":[{"href":"https:\/\/umojn.edu.ni\/index.php\/wp-json\/wp\/v2\/pages\/226","targetHints":{"allow":["GET"]}}],"collection":[{"href":"https:\/\/umojn.edu.ni\/index.php\/wp-json\/wp\/v2\/pages"}],"about":[{"href":"https:\/\/umojn.edu.ni\/index.php\/wp-json\/wp\/v2\/types\/page"}],"author":[{"embeddable":true,"href":"https:\/\/umojn.edu.ni\/index.php\/wp-json\/wp\/v2\/users\/1"}],"replies":[{"embeddable":true,"href":"https:\/\/umojn.edu.ni\/index.php\/wp-json\/wp\/v2\/comments?post=226"}],"version-history":[{"count":33,"href":"https:\/\/umojn.edu.ni\/index.php\/wp-json\/wp\/v2\/pages\/226\/revisions"}],"predecessor-version":[{"id":2766,"href":"https:\/\/umojn.edu.ni\/index.php\/wp-json\/wp\/v2\/pages\/226\/revisions\/2766"}],"up":[{"embeddable":true,"href":"https:\/\/umojn.edu.ni\/index.php\/wp-json\/wp\/v2\/pages\/43"}],"wp:attachment":[{"href":"https:\/\/umojn.edu.ni\/index.php\/wp-json\/wp\/v2\/media?parent=226"}],"curies":[{"name":"wp","href":"https:\/\/api.w.org\/{rel}","templated":true}]}}