{"id":223,"date":"2023-11-23T17:53:22","date_gmt":"2023-11-23T16:53:22","guid":{"rendered":"http:\/\/umojn.edu.ni\/?page_id=223"},"modified":"2026-01-23T11:37:04","modified_gmt":"2026-01-23T17:37:04","slug":"medicina-oriental","status":"publish","type":"page","link":"https:\/\/umojn.edu.ni\/index.php\/carreras\/medicina-oriental\/","title":{"rendered":"Medicina Oriental"},"content":{"rendered":"\n\n\n<div class=\"wp-block-columns is-layout-flex wp-container-core-columns-is-layout-9d6595d7 wp-block-columns-is-layout-flex\">\n<div class=\"wp-block-column is-layout-flow wp-block-column-is-layout-flow\"><\/div>\n<\/div>\n\n\n\n<h3 class=\"wp-block-heading\"><strong>1. DATOS GENERALES<\/strong><\/h3>\n\n\n\n<ul class=\"wp-block-list\">\n<li><strong>Nombre de la carrera: <mark style=\"background-color:rgba(0, 0, 0, 0)\" class=\"has-inline-color has-black-color\"><\/mark><\/strong><strong><mark style=\"background-color:rgba(0, 0, 0, 0)\" class=\"has-inline-color has-black-color\">Medicina Oriental.<\/mark><\/strong><\/li>\n\n\n\n<li><strong>T\u00edtulo:<\/strong>&nbsp;M\u00e9dico en Medicina Oriental.<\/li>\n\n\n\n<li><strong>Duraci\u00f3n de la Carrera:<\/strong> 5 a\u00f1os<\/li>\n\n\n\n<li><strong>R\u00e9gimen Acad\u00e9mico:<\/strong>&nbsp;Semestral.<\/li>\n\n\n\n<li><strong>Turno:<\/strong>&nbsp;Diurno.<\/li>\n\n\n\n<li><strong>Sede:<\/strong>&nbsp;Managua.<\/li>\n\n\n\n<li><strong>Modalidad:<\/strong>&nbsp;Presencial.<\/li>\n\n\n\n<li><strong>Matr\u00edcula:<\/strong>&nbsp;C$ 1,000.00<\/li>\n\n\n\n<li><strong>Mensualidad:<\/strong>&nbsp;C$ 2,800.00<\/li>\n<\/ul>\n\n\n\n<hr class=\"wp-block-separator has-alpha-channel-opacity\"\/>\n\n\n\n<h3 class=\"wp-block-heading\"><strong>2. PERFIL PROFESIONAL<\/strong><\/h3>\n\n\n\n<ul class=\"wp-block-list\">\n<li>Atenci\u00f3n m\u00e9dica integral.<\/li>\n\n\n\n<li>Maneja conocimientos para el diagn\u00f3stico terap\u00e9utico con pilares de la Medicina Oriental.<\/li>\n\n\n\n<li>Docencia y procesos de ense\u00f1anza y aprendizaje de la Medicina Oriental.<\/li>\n\n\n\n<li>Direcci\u00f3n de cl\u00ednicas de medicina alternativa oriental.<\/li>\n\n\n\n<li>Investigaci\u00f3n cient\u00edfica en medicina alternativa oriental.<\/li>\n<\/ul>\n\n\n\n<hr class=\"wp-block-separator has-alpha-channel-opacity\"\/>\n\n\n\n<h3 class=\"wp-block-heading\"><strong>3. REQUISITOS DE INGRESO<\/strong><\/h3>\n\n\n\n<ul class=\"wp-block-list\">\n<li>Diploma de bachiller original y fotocopia<\/li>\n\n\n\n<li>Certificado de notas de 4to y 5to a\u00f1o original.<\/li>\n\n\n\n<li>Partida de nacimiento y c\u00e9dula de identidad, original y copia.<\/li>\n\n\n\n<li>Una fotograf\u00eda tama\u00f1o carn\u00e9.<\/li>\n\n\n\n<li>Pagar los aranceles correspondientes.<\/li>\n\n\n\n<li>Llenar formato de matr\u00edcula de la carrera<\/li>\n<\/ul>\n\n\n\n<hr class=\"wp-block-separator has-alpha-channel-opacity\"\/>\n\n\n<div class=\"wp-block-image\">\n<figure class=\"aligncenter size-full is-resized\"><img loading=\"lazy\" decoding=\"async\" width=\"940\" height=\"1600\" src=\"https:\/\/umojn.edu.ni\/wp-content\/uploads\/2025\/12\/PLAN-ESTUDIO-MEDICINA.jpeg\" alt=\"\" class=\"wp-image-2710\" style=\"aspect-ratio:0.5875127038133534;width:442px;height:auto\"\/><\/figure>\n<\/div>","protected":false},"excerpt":{"rendered":"<p>1. DATOS GENERALES 2. PERFIL PROFESIONAL 3. REQUISITOS DE INGRESO<\/p>\n","protected":false},"author":1,"featured_media":0,"parent":43,"menu_order":0,"comment_status":"closed","ping_status":"closed","template":"","meta":{"footnotes":""},"class_list":["post-223","page","type-page","status-publish","hentry"],"rttpg_featured_image_url":null,"rttpg_author":{"display_name":"Administrador UMO-JN","author_link":"https:\/\/umojn.edu.ni\/index.php\/author\/wpadmin\/"},"rttpg_comment":0,"rttpg_category":null,"rttpg_excerpt":"1. DATOS GENERALES 2. PERFIL PROFESIONAL 3. REQUISITOS DE INGRESO","_links":{"self":[{"href":"https:\/\/umojn.edu.ni\/index.php\/wp-json\/wp\/v2\/pages\/223","targetHints":{"allow":["GET"]}}],"collection":[{"href":"https:\/\/umojn.edu.ni\/index.php\/wp-json\/wp\/v2\/pages"}],"about":[{"href":"https:\/\/umojn.edu.ni\/index.php\/wp-json\/wp\/v2\/types\/page"}],"author":[{"embeddable":true,"href":"https:\/\/umojn.edu.ni\/index.php\/wp-json\/wp\/v2\/users\/1"}],"replies":[{"embeddable":true,"href":"https:\/\/umojn.edu.ni\/index.php\/wp-json\/wp\/v2\/comments?post=223"}],"version-history":[{"count":20,"href":"https:\/\/umojn.edu.ni\/index.php\/wp-json\/wp\/v2\/pages\/223\/revisions"}],"predecessor-version":[{"id":2915,"href":"https:\/\/umojn.edu.ni\/index.php\/wp-json\/wp\/v2\/pages\/223\/revisions\/2915"}],"up":[{"embeddable":true,"href":"https:\/\/umojn.edu.ni\/index.php\/wp-json\/wp\/v2\/pages\/43"}],"wp:attachment":[{"href":"https:\/\/umojn.edu.ni\/index.php\/wp-json\/wp\/v2\/media?parent=223"}],"curies":[{"name":"wp","href":"https:\/\/api.w.org\/{rel}","templated":true}]}}