{"id":1674,"date":"2024-11-28T08:48:17","date_gmt":"2024-11-28T14:48:17","guid":{"rendered":"https:\/\/umojn.edu.ni\/?page_id=1674"},"modified":"2024-12-04T16:18:41","modified_gmt":"2024-12-04T22:18:41","slug":"diplomado-de-lifting-facial-holistico","status":"publish","type":"page","link":"https:\/\/umojn.edu.ni\/index.php\/diplomado-de-lifting-facial-holistico\/","title":{"rendered":"Diplomado de Lifting Facial Hol\u00edstico"},"content":{"rendered":"\n<p>El Diplomado de Lifting Facial Hol\u00edstico es un programa que integra diferentes t\u00e9cnicas est\u00e9ticas de la Medicina Oriental y Tradicional, que tiene como finalidad mejorar las condiciones y el estado del rostro. Se estudiar\u00e1n las t\u00e9cnicas est\u00e9ticas de cuidados cosm\u00e9ticos, masaje facial, ventosas y acupuntura facial.<\/p>\n\n\n\n<figure class=\"wp-block-gallery has-nested-images columns-default is-cropped wp-block-gallery-1 is-layout-flex wp-block-gallery-is-layout-flex\">\n<figure class=\"wp-block-image size-full\"><img loading=\"lazy\" decoding=\"async\" width=\"960\" height=\"1280\" data-id=\"1682\" src=\"https:\/\/umojn.edu.ni\/wp-content\/uploads\/2024\/11\/WhatsApp-Image-2024-11-23-at-10.58.31-AM.jpeg\" alt=\"\" class=\"wp-image-1682\"\/><\/figure>\n\n\n\n<figure class=\"wp-block-image size-full\"><img loading=\"lazy\" decoding=\"async\" width=\"1356\" height=\"1600\" data-id=\"1683\" src=\"https:\/\/umojn.edu.ni\/wp-content\/uploads\/2024\/11\/WhatsApp-Image-2024-11-23-at-11.05.42-AM.jpeg\" alt=\"\" class=\"wp-image-1683\"\/><\/figure>\n\n\n\n<figure class=\"wp-block-image size-full\"><img loading=\"lazy\" decoding=\"async\" width=\"1200\" height=\"1600\" data-id=\"1685\" src=\"https:\/\/umojn.edu.ni\/wp-content\/uploads\/2024\/11\/WhatsApp-Image-2024-11-16-at-11.31.44-AM.jpeg\" alt=\"\" class=\"wp-image-1685\"\/><\/figure>\n\n\n\n<figure class=\"wp-block-image size-full\"><img loading=\"lazy\" decoding=\"async\" width=\"1200\" height=\"1600\" data-id=\"1684\" src=\"https:\/\/umojn.edu.ni\/wp-content\/uploads\/2024\/11\/WhatsApp-Image-2024-11-09-at-11.55.24-AM-1.jpeg\" alt=\"\" class=\"wp-image-1684\"\/><\/figure>\n\n\n\n<figure class=\"wp-block-image size-full\"><img loading=\"lazy\" decoding=\"async\" width=\"1200\" height=\"1600\" data-id=\"1686\" src=\"https:\/\/umojn.edu.ni\/wp-content\/uploads\/2024\/11\/WhatsApp-Image-2024-11-09-at-11.59.17-AM.jpeg\" alt=\"\" class=\"wp-image-1686\"\/><\/figure>\n<\/figure>\n\n\n\n<p><\/p>\n","protected":false},"excerpt":{"rendered":"<p>El Diplomado de Lifting Facial Hol\u00edstico es un programa que integra diferentes t\u00e9cnicas est\u00e9ticas de la Medicina Oriental y Tradicional, que tiene como finalidad mejorar las condiciones y el estado del rostro. Se estudiar\u00e1n las t\u00e9cnicas est\u00e9ticas de cuidados cosm\u00e9ticos, masaje facial, ventosas y acupuntura facial.<\/p>\n","protected":false},"author":1,"featured_media":0,"parent":0,"menu_order":0,"comment_status":"closed","ping_status":"closed","template":"","meta":{"footnotes":""},"class_list":["post-1674","page","type-page","status-publish","hentry"],"rttpg_featured_image_url":null,"rttpg_author":{"display_name":"Administrador UMO-JN","author_link":"https:\/\/umojn.edu.ni\/index.php\/author\/wpadmin\/"},"rttpg_comment":0,"rttpg_category":null,"rttpg_excerpt":"El Diplomado de Lifting Facial Hol\u00edstico es un programa que integra diferentes t\u00e9cnicas est\u00e9ticas de la Medicina Oriental y Tradicional, que tiene como finalidad mejorar las condiciones y el estado del rostro. Se estudiar\u00e1n las t\u00e9cnicas est\u00e9ticas de cuidados cosm\u00e9ticos, masaje facial, ventosas y acupuntura facial.","_links":{"self":[{"href":"https:\/\/umojn.edu.ni\/index.php\/wp-json\/wp\/v2\/pages\/1674","targetHints":{"allow":["GET"]}}],"collection":[{"href":"https:\/\/umojn.edu.ni\/index.php\/wp-json\/wp\/v2\/pages"}],"about":[{"href":"https:\/\/umojn.edu.ni\/index.php\/wp-json\/wp\/v2\/types\/page"}],"author":[{"embeddable":true,"href":"https:\/\/umojn.edu.ni\/index.php\/wp-json\/wp\/v2\/users\/1"}],"replies":[{"embeddable":true,"href":"https:\/\/umojn.edu.ni\/index.php\/wp-json\/wp\/v2\/comments?post=1674"}],"version-history":[{"count":5,"href":"https:\/\/umojn.edu.ni\/index.php\/wp-json\/wp\/v2\/pages\/1674\/revisions"}],"predecessor-version":[{"id":1718,"href":"https:\/\/umojn.edu.ni\/index.php\/wp-json\/wp\/v2\/pages\/1674\/revisions\/1718"}],"wp:attachment":[{"href":"https:\/\/umojn.edu.ni\/index.php\/wp-json\/wp\/v2\/media?parent=1674"}],"curies":[{"name":"wp","href":"https:\/\/api.w.org\/{rel}","templated":true}]}}